{"id":5191,"date":"2025-10-08T16:01:53","date_gmt":"2025-10-08T14:01:53","guid":{"rendered":"https:\/\/dolomiti-pads.com\/materiales\/memory-sat\/"},"modified":"2026-02-25T10:11:19","modified_gmt":"2026-02-25T09:11:19","slug":"memory-sat","status":"publish","type":"page","link":"https:\/\/dolomiti-pads.com\/es\/materiales\/memory-sat\/","title":{"rendered":"Memory S.A.T"},"content":{"rendered":"\t\t<div data-elementor-type=\"wp-page\" data-elementor-id=\"5191\" class=\"elementor elementor-5191 elementor-1483\" data-elementor-post-type=\"page\">\n\t\t\t\t<div class=\"elementor-element elementor-element-62c36e69 cp-both e-flex e-con-boxed e-con e-parent\" data-id=\"62c36e69\" data-element_type=\"container\" data-settings=\"{&quot;background_background&quot;:&quot;classic&quot;}\">\n\t\t\t\t\t<div class=\"e-con-inner\">\n\t\t<div class=\"elementor-element elementor-element-6b8e0ee3 e-con-full e-flex e-con e-child\" data-id=\"6b8e0ee3\" data-element_type=\"container\">\n\t\t\t\t<div class=\"elementor-element elementor-element-6835600a elementor-widget elementor-widget-image\" data-id=\"6835600a\" data-element_type=\"widget\" data-widget_type=\"image.default\">\n\t\t\t\t\t\t\t\t\t\t\t\t\t\t\t<img fetchpriority=\"high\" decoding=\"async\" width=\"800\" height=\"640\" src=\"https:\/\/dolomiti-pads.com\/wp-content\/uploads\/2025\/11\/sat-1024x819.webp\" class=\"attachment-large size-large wp-image-4829\" alt=\"\" srcset=\"https:\/\/dolomiti-pads.com\/wp-content\/uploads\/2025\/11\/sat-1024x819.webp 1024w, https:\/\/dolomiti-pads.com\/wp-content\/uploads\/2025\/11\/sat-300x240.webp 300w, https:\/\/dolomiti-pads.com\/wp-content\/uploads\/2025\/11\/sat-768x614.webp 768w, https:\/\/dolomiti-pads.com\/wp-content\/uploads\/2025\/11\/sat-1536x1229.webp 1536w, https:\/\/dolomiti-pads.com\/wp-content\/uploads\/2025\/11\/sat.webp 1600w\" sizes=\"(max-width: 800px) 100vw, 800px\" \/>\t\t\t\t\t\t\t\t\t\t\t\t\t\t\t<\/div>\n\t\t\t\t<\/div>\n\t\t<div class=\"elementor-element elementor-element-23e77882 e-con-full e-flex e-con e-child\" data-id=\"23e77882\" data-element_type=\"container\">\n\t\t\t\t<div class=\"elementor-element elementor-element-76b32491 breadcrumb-green elementor-widget elementor-widget-heading\" data-id=\"76b32491\" data-element_type=\"widget\" data-widget_type=\"heading.default\">\n\t\t\t\t\t<div class=\"elementor-heading-title elementor-size-default\"><nav aria-label=\"breadcrumbs\" class=\"rank-math-breadcrumb\"><p><span class=\"last\">Home<\/span><\/p><\/nav><\/div>\t\t\t\t<\/div>\n\t\t\t\t<div class=\"elementor-element elementor-element-14eea9fb elementor-widget elementor-widget-heading\" data-id=\"14eea9fb\" data-element_type=\"widget\" data-widget_type=\"heading.default\">\n\t\t\t\t\t<h1 class=\"elementor-heading-title elementor-size-default\">Badanas para ciclismo en Memory S.A.T.<\/h1>\t\t\t\t<\/div>\n\t\t\t\t<div class=\"elementor-element elementor-element-4e94f67 elementor-widget elementor-widget-heading\" data-id=\"4e94f67\" data-element_type=\"widget\" data-widget_type=\"heading.default\">\n\t\t\t\t\t<h2 class=\"elementor-heading-title elementor-size-default\">Amortiguaci\u00f3n inteligente, adaptaci\u00f3n a medida, estabilidad din\u00e1mica.<\/h2>\t\t\t\t<\/div>\n\t\t\t\t<div class=\"elementor-element elementor-element-73b9a7df elementor-widget elementor-widget-text-editor\" data-id=\"73b9a7df\" data-element_type=\"widget\" data-widget_type=\"text-editor.default\">\n\t\t\t\t\t\t\t\t\t<p>El Memory S.A.T. es un material que garantiza protecci\u00f3n de alto rendimiento manteniendo espesores y peso reducidos. Dise\u00f1ado para absorber hasta el 90% de la energ\u00eda de los impactos, se adapta a la forma del cuerpo incluso en movimiento, permitiendo gran libertad de gesto. Ideales para mountain bike y para las largas distancias.  <\/p>\t\t\t\t\t\t\t\t<\/div>\n\t\t\t\t<\/div>\n\t\t\t\t\t<\/div>\n\t\t\t\t<\/div>\n\t\t<div class=\"elementor-element elementor-element-15a4841a e-con-full cp-both e-flex e-con e-parent\" data-id=\"15a4841a\" data-element_type=\"container\">\n\t\t<div class=\"elementor-element elementor-element-62a3a6e3 e-flex e-con-boxed e-con e-child\" data-id=\"62a3a6e3\" data-element_type=\"container\">\n\t\t\t\t\t<div class=\"e-con-inner\">\n\t\t<div class=\"elementor-element elementor-element-3a5a1fbe e-con-full e-flex e-con e-child\" data-id=\"3a5a1fbe\" data-element_type=\"container\">\n\t\t\t\t<div class=\"elementor-element elementor-element-189de567 elementor-widget elementor-widget-heading\" data-id=\"189de567\" data-element_type=\"widget\" data-widget_type=\"heading.default\">\n\t\t\t\t\t<h2 class=\"elementor-heading-title elementor-size-default\">Nuestro enfoque al Memory S.A.T.<\/h2>\t\t\t\t<\/div>\n\t\t\t\t<\/div>\n\t\t<div class=\"elementor-element elementor-element-3a45156d e-con-full e-flex e-con e-child\" data-id=\"3a45156d\" data-element_type=\"container\">\n\t\t\t\t<div class=\"elementor-element elementor-element-6e58bd38 elementor-widget elementor-widget-text-editor\" data-id=\"6e58bd38\" data-element_type=\"widget\" data-widget_type=\"text-editor.default\">\n\t\t\t\t\t\t\t\t\t<p>Hemos elegido el Memory S.A.T. por una raz\u00f3n clara: superar los l\u00edmites de los acolchados tradicionales.<\/p><p>Este material es capaz de adaptarse a la presi\u00f3n de modo progresivo, distribuyendo el peso y reduciendo dr\u00e1sticamente el impacto en los puntos cr\u00edticos.<\/p><p>Lo integramos en nuestras badanas de forma selectiva, solo donde puede hacer realmente la diferencia, sin sobrecargar la pedalada.<\/p><p>\u00bfEl objetivo? Ofrecer una experiencia de conducci\u00f3n m\u00e1s estable, protegida y fluida, sobre todo en los recorridos m\u00e1s exigentes. <\/p>\t\t\t\t\t\t\t\t<\/div>\n\t\t\t\t<\/div>\n\t\t\t\t\t<\/div>\n\t\t\t\t<\/div>\n\t\t\t\t<\/div>\n\t\t<div class=\"elementor-element elementor-element-b29ff8e e-con-full cp-both e-flex e-con e-parent\" data-id=\"b29ff8e\" data-element_type=\"container\">\n\t\t<div class=\"elementor-element elementor-element-a48385b e-flex e-con-boxed e-con e-child\" data-id=\"a48385b\" data-element_type=\"container\">\n\t\t\t\t\t<div class=\"e-con-inner\">\n\t\t<div class=\"elementor-element elementor-element-ae53727 e-con-full e-flex e-con e-child\" data-id=\"ae53727\" data-element_type=\"container\">\n\t\t\t\t<div class=\"elementor-element elementor-element-8f9258f elementor-widget elementor-widget-heading\" data-id=\"8f9258f\" data-element_type=\"widget\" data-widget_type=\"heading.default\">\n\t\t\t\t\t<h3 class=\"elementor-heading-title elementor-size-default\">A continuaci\u00f3n se muestran algunos ejemplos Badanas de Memory S.A.T.:<\/h3>\t\t\t\t<\/div>\n\t\t\t\t<\/div>\n\t\t\t\t\t<\/div>\n\t\t\t\t<\/div>\n\t\t\t\t<\/div>\n\t\t<div class=\"elementor-element elementor-element-66d647be e-con-full e-flex e-con e-parent\" data-id=\"66d647be\" data-element_type=\"container\">\n\t\t<div class=\"elementor-element elementor-element-a30fab2 e-flex e-con-boxed e-con e-child\" data-id=\"a30fab2\" data-element_type=\"container\">\n\t\t\t\t\t<div class=\"e-con-inner\">\n\t\t\t\t<div class=\"elementor-element elementor-element-24c3fbc elementor-grid-2 elementor-grid-tablet-2 elementor-grid-mobile-1 elementor-widget elementor-widget-loop-grid\" data-id=\"24c3fbc\" data-element_type=\"widget\" data-settings=\"{&quot;template_id&quot;:4833,&quot;row_gap&quot;:{&quot;unit&quot;:&quot;px&quot;,&quot;size&quot;:80,&quot;sizes&quot;:[]},&quot;columns&quot;:2,&quot;_skin&quot;:&quot;post&quot;,&quot;columns_tablet&quot;:&quot;2&quot;,&quot;columns_mobile&quot;:&quot;1&quot;,&quot;edit_handle_selector&quot;:&quot;[data-elementor-type=\\&quot;loop-item\\&quot;]&quot;,&quot;row_gap_laptop&quot;:{&quot;unit&quot;:&quot;px&quot;,&quot;size&quot;:&quot;&quot;,&quot;sizes&quot;:[]},&quot;row_gap_tablet&quot;:{&quot;unit&quot;:&quot;px&quot;,&quot;size&quot;:&quot;&quot;,&quot;sizes&quot;:[]},&quot;row_gap_mobile_extra&quot;:{&quot;unit&quot;:&quot;px&quot;,&quot;size&quot;:&quot;&quot;,&quot;sizes&quot;:[]},&quot;row_gap_mobile&quot;:{&quot;unit&quot;:&quot;px&quot;,&quot;size&quot;:&quot;&quot;,&quot;sizes&quot;:[]}}\" data-widget_type=\"loop-grid.post\">\n\t\t\t\t\t\t\t<div class=\"elementor-loop-container elementor-grid\" role=\"list\">\n\t\t<style id=\"loop-4833\">.elementor-4833 .elementor-element.elementor-element-130e11a{--display:flex;}.elementor-4833 .elementor-element.elementor-element-fa0bf7e{margin:0px 0px calc(var(--kit-widget-spacing, 0px) + 20px) 0px;text-align:start;}.elementor-4833 .elementor-element.elementor-element-6097005 .elementor-heading-title{font-size:22px;font-weight:700;text-transform:uppercase;font-style:italic;}.elementor-4833 .elementor-element.elementor-element-6df8985{margin:20px 0px calc(var(--kit-widget-spacing, 0px) + 0px) 0px;}@media(max-width:767px){.elementor-4833 .elementor-element.elementor-element-fa0bf7e img{width:100%;max-width:450px;}}<\/style>\t\t<div data-elementor-type=\"loop-item\" data-elementor-id=\"4833\" class=\"elementor elementor-4833 elementor-2865 e-loop-item e-loop-item-5247 post-5247 page type-page status-publish has-post-thumbnail hentry page_cat-prodotti page_cat-mtb page_cat-uomo page_cat-sat page_cat-in-evidenza\" data-elementor-post-type=\"elementor_library\" data-custom-edit-handle=\"1\">\n\t\t\t<div class=\"elementor-element elementor-element-130e11a e-con-full e-flex e-con e-child\" data-id=\"130e11a\" data-element_type=\"container\">\n\t\t\t\t<div class=\"elementor-element elementor-element-fa0bf7e elementor-widget elementor-widget-image\" data-id=\"fa0bf7e\" data-element_type=\"widget\" data-widget_type=\"image.default\">\n\t\t\t\t\t\t\t\t\t\t\t\t\t\t\t\t<a href=\"https:\/\/dolomiti-pads.com\/es\/badanas\/mtb\/lagorai\/\">\n\t\t\t\t\t\t\t<img decoding=\"async\" width=\"800\" height=\"640\" src=\"https:\/\/dolomiti-pads.com\/wp-content\/uploads\/2026\/01\/LAGORAI-UOMO-ONDA-FRONT-1024x819.webp\" class=\"attachment-large size-large wp-image-5459\" alt=\"\" srcset=\"https:\/\/dolomiti-pads.com\/wp-content\/uploads\/2026\/01\/LAGORAI-UOMO-ONDA-FRONT-1024x819.webp 1024w, https:\/\/dolomiti-pads.com\/wp-content\/uploads\/2026\/01\/LAGORAI-UOMO-ONDA-FRONT-300x240.webp 300w, https:\/\/dolomiti-pads.com\/wp-content\/uploads\/2026\/01\/LAGORAI-UOMO-ONDA-FRONT-768x614.webp 768w, https:\/\/dolomiti-pads.com\/wp-content\/uploads\/2026\/01\/LAGORAI-UOMO-ONDA-FRONT-1536x1229.webp 1536w, https:\/\/dolomiti-pads.com\/wp-content\/uploads\/2026\/01\/LAGORAI-UOMO-ONDA-FRONT.webp 1600w\" sizes=\"(max-width: 800px) 100vw, 800px\" \/>\t\t\t\t\t\t\t\t<\/a>\n\t\t\t\t\t\t\t\t\t\t\t\t\t\t\t<\/div>\n\t\t\t\t<div class=\"elementor-element elementor-element-b260ecb elementor-widget elementor-widget-heading\" data-id=\"b260ecb\" data-element_type=\"widget\" data-widget_type=\"heading.default\">\n\t\t\t\t\t<h3 class=\"elementor-heading-title elementor-size-default\"><a href=\"https:\/\/dolomiti-pads.com\/es\/badanas\/mtb\/lagorai\/\">Lagorai<\/a><\/h3>\t\t\t\t<\/div>\n\t\t\t\t<div class=\"elementor-element elementor-element-6097005 elementor-widget elementor-widget-heading\" data-id=\"6097005\" data-element_type=\"widget\" data-widget_type=\"heading.default\">\n\t\t\t\t\t<p class=\"elementor-heading-title elementor-size-default\">MTB \/ Memory S.A.T \/ Hombre<\/p>\t\t\t\t<\/div>\n\t\t\t\t<div class=\"elementor-element elementor-element-213cc5e elementor-widget elementor-widget-text-editor\" data-id=\"213cc5e\" data-element_type=\"widget\" data-widget_type=\"text-editor.default\">\n\t\t\t\t\t\t\t\t\tEstabilidad y comodidad en cada sendero.\t\t\t\t\t\t\t\t<\/div>\n\t\t\t\t<div class=\"elementor-element elementor-element-6df8985 elementor-widget elementor-widget-button\" data-id=\"6df8985\" data-element_type=\"widget\" data-widget_type=\"button.default\">\n\t\t\t\t\t\t\t\t\t\t<a class=\"elementor-button elementor-button-link elementor-size-sm\" href=\"https:\/\/dolomiti-pads.com\/es\/badanas\/mtb\/lagorai\/\">\n\t\t\t\t\t\t<span class=\"elementor-button-content-wrapper\">\n\t\t\t\t\t\t\t\t\t<span class=\"elementor-button-text\">Descubre m\u00e1s<\/span>\n\t\t\t\t\t<\/span>\n\t\t\t\t\t<\/a>\n\t\t\t\t\t\t\t\t<\/div>\n\t\t\t\t<\/div>\n\t\t\t\t<\/div>\n\t\t\t\t<div data-elementor-type=\"loop-item\" data-elementor-id=\"4833\" class=\"elementor elementor-4833 elementor-2865 e-loop-item e-loop-item-5221 post-5221 page type-page status-publish has-post-thumbnail hentry page_cat-prodotti page_cat-mtb page_cat-donna page_cat-sat\" data-elementor-post-type=\"elementor_library\" data-custom-edit-handle=\"1\">\n\t\t\t<div class=\"elementor-element elementor-element-130e11a e-con-full e-flex e-con e-child\" data-id=\"130e11a\" data-element_type=\"container\">\n\t\t\t\t<div class=\"elementor-element elementor-element-fa0bf7e elementor-widget elementor-widget-image\" data-id=\"fa0bf7e\" data-element_type=\"widget\" data-widget_type=\"image.default\">\n\t\t\t\t\t\t\t\t\t\t\t\t\t\t\t\t<a href=\"https:\/\/dolomiti-pads.com\/es\/badanas\/mtb\/argentera\/\">\n\t\t\t\t\t\t\t<img decoding=\"async\" width=\"800\" height=\"640\" src=\"https:\/\/dolomiti-pads.com\/wp-content\/uploads\/2026\/01\/ARGENTERA-DONNA-ONDA-BACK-1024x819.webp\" class=\"attachment-large size-large wp-image-5477\" alt=\"\" srcset=\"https:\/\/dolomiti-pads.com\/wp-content\/uploads\/2026\/01\/ARGENTERA-DONNA-ONDA-BACK-1024x819.webp 1024w, https:\/\/dolomiti-pads.com\/wp-content\/uploads\/2026\/01\/ARGENTERA-DONNA-ONDA-BACK-300x240.webp 300w, https:\/\/dolomiti-pads.com\/wp-content\/uploads\/2026\/01\/ARGENTERA-DONNA-ONDA-BACK-768x614.webp 768w, https:\/\/dolomiti-pads.com\/wp-content\/uploads\/2026\/01\/ARGENTERA-DONNA-ONDA-BACK-1536x1229.webp 1536w, https:\/\/dolomiti-pads.com\/wp-content\/uploads\/2026\/01\/ARGENTERA-DONNA-ONDA-BACK.webp 1600w\" sizes=\"(max-width: 800px) 100vw, 800px\" \/>\t\t\t\t\t\t\t\t<\/a>\n\t\t\t\t\t\t\t\t\t\t\t\t\t\t\t<\/div>\n\t\t\t\t<div class=\"elementor-element elementor-element-b260ecb elementor-widget elementor-widget-heading\" data-id=\"b260ecb\" data-element_type=\"widget\" data-widget_type=\"heading.default\">\n\t\t\t\t\t<h3 class=\"elementor-heading-title elementor-size-default\"><a href=\"https:\/\/dolomiti-pads.com\/es\/badanas\/mtb\/argentera\/\">Argentera<\/a><\/h3>\t\t\t\t<\/div>\n\t\t\t\t<div class=\"elementor-element elementor-element-6097005 elementor-widget elementor-widget-heading\" data-id=\"6097005\" data-element_type=\"widget\" data-widget_type=\"heading.default\">\n\t\t\t\t\t<p class=\"elementor-heading-title elementor-size-default\">MTB \/ Memory S.A.T \/ Mujer<\/p>\t\t\t\t<\/div>\n\t\t\t\t<div class=\"elementor-element elementor-element-213cc5e elementor-widget elementor-widget-text-editor\" data-id=\"213cc5e\" data-element_type=\"widget\" data-widget_type=\"text-editor.default\">\n\t\t\t\t\t\t\t\t\tEl trail perfecto empieza con Argentera\t\t\t\t\t\t\t\t<\/div>\n\t\t\t\t<div class=\"elementor-element elementor-element-6df8985 elementor-widget elementor-widget-button\" data-id=\"6df8985\" data-element_type=\"widget\" data-widget_type=\"button.default\">\n\t\t\t\t\t\t\t\t\t\t<a class=\"elementor-button elementor-button-link elementor-size-sm\" href=\"https:\/\/dolomiti-pads.com\/es\/badanas\/mtb\/argentera\/\">\n\t\t\t\t\t\t<span class=\"elementor-button-content-wrapper\">\n\t\t\t\t\t\t\t\t\t<span class=\"elementor-button-text\">Descubre m\u00e1s<\/span>\n\t\t\t\t\t<\/span>\n\t\t\t\t\t<\/a>\n\t\t\t\t\t\t\t\t<\/div>\n\t\t\t\t<\/div>\n\t\t\t\t<\/div>\n\t\t\t\t<\/div>\n\t\t\n\t\t\t\t\t\t<\/div>\n\t\t\t\t\t<\/div>\n\t\t\t\t<\/div>\n\t\t\t\t<\/div>\n\t\t\t\t<\/div>\n\t\t","protected":false},"excerpt":{"rendered":"<p>Badanas para ciclismo en Memory S.A.T. Amortiguaci\u00f3n inteligente, adaptaci\u00f3n a medida, estabilidad din\u00e1mica. El Memory S.A.T. es un material que garantiza protecci\u00f3n de alto rendimiento manteniendo espesores y peso reducidos. Dise\u00f1ado para absorber hasta el 90% de la energ\u00eda de los impactos, se adapta a la forma del cuerpo incluso en movimiento, permitiendo gran libertad [&hellip;]<\/p>\n","protected":false},"author":25,"featured_media":0,"parent":4824,"menu_order":0,"comment_status":"closed","ping_status":"closed","template":"","meta":{"_acf_changed":false,"footnotes":""},"class_list":["post-5191","page","type-page","status-publish","hentry"],"acf":[],"_links":{"self":[{"href":"https:\/\/dolomiti-pads.com\/es\/wp-json\/wp\/v2\/pages\/5191","targetHints":{"allow":["GET"]}}],"collection":[{"href":"https:\/\/dolomiti-pads.com\/es\/wp-json\/wp\/v2\/pages"}],"about":[{"href":"https:\/\/dolomiti-pads.com\/es\/wp-json\/wp\/v2\/types\/page"}],"author":[{"embeddable":true,"href":"https:\/\/dolomiti-pads.com\/es\/wp-json\/wp\/v2\/users\/25"}],"replies":[{"embeddable":true,"href":"https:\/\/dolomiti-pads.com\/es\/wp-json\/wp\/v2\/comments?post=5191"}],"version-history":[{"count":4,"href":"https:\/\/dolomiti-pads.com\/es\/wp-json\/wp\/v2\/pages\/5191\/revisions"}],"predecessor-version":[{"id":9458,"href":"https:\/\/dolomiti-pads.com\/es\/wp-json\/wp\/v2\/pages\/5191\/revisions\/9458"}],"up":[{"embeddable":true,"href":"https:\/\/dolomiti-pads.com\/es\/wp-json\/wp\/v2\/pages\/4824"}],"wp:attachment":[{"href":"https:\/\/dolomiti-pads.com\/es\/wp-json\/wp\/v2\/media?parent=5191"}],"curies":[{"name":"wp","href":"https:\/\/api.w.org\/{rel}","templated":true}]}}