{"id":4705,"date":"2025-10-07T09:18:32","date_gmt":"2025-10-07T07:18:32","guid":{"rendered":"https:\/\/dolomiti-pads.com\/empresa\/sostenibilidad\/"},"modified":"2026-02-24T14:33:59","modified_gmt":"2026-02-24T13:33:59","slug":"sostenibilidad","status":"publish","type":"page","link":"https:\/\/dolomiti-pads.com\/es\/empresa\/sostenibilidad\/","title":{"rendered":"Sostenibilidad"},"content":{"rendered":"\t\t<div data-elementor-type=\"wp-page\" data-elementor-id=\"4705\" class=\"elementor elementor-4705 elementor-1195\" data-elementor-post-type=\"page\">\n\t\t\t\t<div class=\"elementor-element elementor-element-46953ce cp-both e-flex e-con-boxed e-con e-parent\" data-id=\"46953ce\" data-element_type=\"container\" data-settings=\"{&quot;background_background&quot;:&quot;classic&quot;}\">\n\t\t\t\t\t<div class=\"e-con-inner\">\n\t\t\t\t<div class=\"elementor-element elementor-element-42e799a breadcrumb-black elementor-widget elementor-widget-heading\" data-id=\"42e799a\" data-element_type=\"widget\" data-widget_type=\"heading.default\">\n\t\t\t\t\t<div class=\"elementor-heading-title elementor-size-default\"><nav aria-label=\"breadcrumbs\" class=\"rank-math-breadcrumb\"><p><span class=\"last\">Home<\/span><\/p><\/nav><\/div>\t\t\t\t<\/div>\n\t\t\t\t<div class=\"elementor-element elementor-element-0c21161 elementor-widget elementor-widget-heading\" data-id=\"0c21161\" data-element_type=\"widget\" data-widget_type=\"heading.default\">\n\t\t\t\t\t<h1 class=\"elementor-heading-title elementor-size-default\">Corriendo hacia la innovaci\u00f3n<\/h1>\t\t\t\t<\/div>\n\t\t\t\t\t<\/div>\n\t\t\t\t<\/div>\n\t\t<div class=\"elementor-element elementor-element-7fa40e1 e-con-full cp-both e-flex e-con e-parent\" data-id=\"7fa40e1\" data-element_type=\"container\">\n\t\t\t\t<div class=\"elementor-element elementor-element-071c6d5 elementor-absolute shape-divider elementor-view-default elementor-widget elementor-widget-icon\" data-id=\"071c6d5\" data-element_type=\"widget\" data-settings=\"{&quot;_position&quot;:&quot;absolute&quot;}\" data-widget_type=\"icon.default\">\n\t\t\t\t\t\t\t<div class=\"elementor-icon-wrapper\">\n\t\t\t<div class=\"elementor-icon\">\n\t\t\t<svg xmlns=\"http:\/\/www.w3.org\/2000\/svg\" id=\"a\" viewBox=\"0 0 1917 154.97\"><path d=\"M0,95.04C118.39,49.76,246.81,22.44,372.86,11.99c134.61-11.16,275.81-1.74,408.56,22.89,72.83,13.51,142.8,38.93,214.54,56.92,154.23,38.68,312.77,67.3,472.37,62.69,242.67-7,350.67-24.78,448.67-54.11V0H0v95.04\"><\/path><\/svg>\t\t\t<\/div>\n\t\t<\/div>\n\t\t\t\t\t\t<\/div>\n\t\t<div class=\"elementor-element elementor-element-932c37d e-flex e-con-boxed e-con e-child\" data-id=\"932c37d\" data-element_type=\"container\">\n\t\t\t\t\t<div class=\"e-con-inner\">\n\t\t\t\t<div class=\"elementor-element elementor-element-970037c elementor-widget elementor-widget-heading\" data-id=\"970037c\" data-element_type=\"widget\" data-widget_type=\"heading.default\">\n\t\t\t\t\t<div class=\"elementor-heading-title elementor-size-default\">En un mundo que cambia r\u00e1pidamente, creemos que la sostenibilidad ya no es una posibilidad, sino una responsabilidad.<\/div>\t\t\t\t<\/div>\n\t\t\t\t<div class=\"elementor-element elementor-element-f021ce8 elementor-widget elementor-widget-text-editor\" data-id=\"f021ce8\" data-element_type=\"widget\" data-widget_type=\"text-editor.default\">\n\t\t\t\t\t\t\t\t\t<p>Por eso trabajamos cada d\u00eda para mejorar nuestros procesos productivos, reducir el impacto ambiental y ofrecer a nuestros clientes soluciones m\u00e1s conscientes, sin sacrificar nunca el rendimiento.<\/p>\t\t\t\t\t\t\t\t<\/div>\n\t\t\t\t\t<\/div>\n\t\t\t\t<\/div>\n\t\t\t\t<\/div>\n\t\t<div class=\"elementor-element elementor-element-8fa057e e-con-full e-flex e-con e-parent\" data-id=\"8fa057e\" data-element_type=\"container\" data-settings=\"{&quot;background_background&quot;:&quot;classic&quot;}\">\n\t\t<div data-dce-background-image-url=\"https:\/\/dolomiti-pads.com\/wp-content\/uploads\/2025\/10\/materiali-riciclati-copia.webp\" class=\"elementor-element elementor-element-3a8dd47 e-con-full e-flex e-con e-child\" data-id=\"3a8dd47\" data-element_type=\"container\" data-settings=\"{&quot;background_background&quot;:&quot;classic&quot;}\">\n\t\t\t\t<\/div>\n\t\t<div class=\"elementor-element elementor-element-4b8685f e-con-full fullwidth-padding-right e-flex elementor-invisible e-con e-child\" data-id=\"4b8685f\" data-element_type=\"container\" data-settings=\"{&quot;animation&quot;:&quot;fadeIn&quot;}\">\n\t\t\t\t<div class=\"elementor-element elementor-element-51bcf84 elementor-widget elementor-widget-heading\" data-id=\"51bcf84\" data-element_type=\"widget\" data-widget_type=\"heading.default\">\n\t\t\t\t\t<h2 class=\"elementor-heading-title elementor-size-default\">Materiales reciclados, alto rendimiento<\/h2>\t\t\t\t<\/div>\n\t\t\t\t<div class=\"elementor-element elementor-element-b9d40f4 elementor-widget elementor-widget-text-editor\" data-id=\"b9d40f4\" data-element_type=\"widget\" data-widget_type=\"text-editor.default\">\n\t\t\t\t\t\t\t\t\t<p>Nuestro camino hacia un producto m\u00e1s sostenible comienza con los materiales.<br>Hemos introducido un poli\u00e9ster procedente de hilos reciclados, reelaborados para obtener un tejido \u00abmano de melocot\u00f3n\u00bb de alto rendimiento, suave y con colores brillantes.<\/p><p>La misma comodidad, el mismo estilo. Pero con una nueva conciencia. <\/p>\t\t\t\t\t\t\t\t<\/div>\n\t\t\t\t<\/div>\n\t\t\t\t<\/div>\n\t\t<div class=\"elementor-element elementor-element-5f0a837 cp-both e-flex e-con-boxed e-con e-parent\" data-id=\"5f0a837\" data-element_type=\"container\">\n\t\t\t\t\t<div class=\"e-con-inner\">\n\t\t<div class=\"elementor-element elementor-element-b368eae e-con-full e-flex e-con e-child\" data-id=\"b368eae\" data-element_type=\"container\">\n\t\t\t\t<div class=\"elementor-element elementor-element-aec3028 elementor-widget elementor-widget-heading\" data-id=\"aec3028\" data-element_type=\"widget\" data-widget_type=\"heading.default\">\n\t\t\t\t\t<h2 class=\"elementor-heading-title elementor-size-default\">Menos adhesivos, m\u00e1s precisi\u00f3n<\/h2>\t\t\t\t<\/div>\n\t\t\t\t<div class=\"elementor-element elementor-element-f12cf1d elementor-widget elementor-widget-text-editor\" data-id=\"f12cf1d\" data-element_type=\"widget\" data-widget_type=\"text-editor.default\">\n\t\t\t\t\t\t\t\t\t<p>Hemos reducido progresivamente el uso de adhesivos y termoadhesivos, sustituy\u00e9ndolos por procesos mec\u00e1nicos m\u00e1s limpios, como el desbastado. Esto nos permite: <\/p>\t\t\t\t\t\t\t\t<\/div>\n\t\t\t\t<\/div>\n\t\t<div class=\"elementor-element elementor-element-d4636d1 e-con-full e-flex elementor-invisible e-con e-child\" data-id=\"d4636d1\" data-element_type=\"container\" data-settings=\"{&quot;animation&quot;:&quot;fadeInUp&quot;}\">\n\t\t\t\t<div class=\"elementor-element elementor-element-2766120 elementor-widget__width-initial elementor-widget-mobile__width-inherit elementor-view-default elementor-position-block-start elementor-mobile-position-block-start elementor-widget elementor-widget-icon-box\" data-id=\"2766120\" data-element_type=\"widget\" data-widget_type=\"icon-box.default\">\n\t\t\t\t\t\t\t<div class=\"elementor-icon-box-wrapper\">\n\n\t\t\t\t\t\t<div class=\"elementor-icon-box-icon\">\n\t\t\t\t<span  class=\"elementor-icon\">\n\t\t\t\t<svg xmlns=\"http:\/\/www.w3.org\/2000\/svg\" id=\"uuid-2430c3f1-b425-4800-8b16-fda9307a7832\" viewBox=\"0 0 93.4 93.4\"><defs> .st0 { fill: #fff; } .st1 { mask: url(#mask); } <mask id=\"mask\"><g id=\"uuid-0f1c923a-74c1-445a-bcfc-abf595792ba8\"><g id=\"uuid-ffe256c4-37ad-4c4f-a22b-7657ca67addf\"><path class=\"st0\" d=\"M93.6-.2H-.2v93.9h93.9V-.2Z\"><\/path><\/g><\/g><\/mask> <\/defs><g class=\"st1\"><path d=\"M11.7,15.7C4.9,23.3.6,33.1,0,43.9h22.4c.5-4.7,2.4-8.9,5.1-12.4,0,0-15.9-15.9-15.9-15.9ZM81.7,15.7l-15.8,15.8c2.8,3.5,4.6,7.7,5.1,12.4h22.4c-.6-10.8-4.9-20.6-11.7-28.2ZM61.9,65.9c-3.5,2.8-7.7,4.6-12.4,5.1v22.4c10.8-.6,20.6-4.9,28.2-11.7,0,0-15.8-15.9-15.8-15.9ZM22.4,49.5H0c.6,10.8,4.9,20.6,11.7,28.2l15.9-15.9c-2.8-3.5-4.6-7.7-5.1-12.4M31.5,65.9l-15.8,15.9c7.6,6.8,17.4,11.1,28.2,11.7v-22.4c-4.7-.5-8.9-2.4-12.4-5.1ZM71,49.5c-.5,4.7-2.4,8.9-5.1,12.4l15.8,15.8c6.8-7.6,11.1-17.4,11.7-28.2h-22.4,0,0ZM49.5,0v22.4c4.7.5,8.9,2.4,12.4,5.1l15.9-15.9C70.1,4.9,60.3.6,49.5,0ZM15.7,11.7l15.9,15.9c3.5-2.8,7.7-4.6,12.4-5.1V0c-10.8.6-20.6,4.9-28.2,11.7h0Z\"><\/path><\/g><\/svg>\t\t\t\t<\/span>\n\t\t\t<\/div>\n\t\t\t\n\t\t\t\t\t\t<div class=\"elementor-icon-box-content\">\n\n\t\t\t\t\n\t\t\t\t\t\t\t\t\t<p class=\"elementor-icon-box-description\">\n\t\t\t\t\t\treducir la emisi\u00f3n de gases a la atm\u00f3sfera\t\t\t\t\t<\/p>\n\t\t\t\t\n\t\t\t<\/div>\n\t\t\t\n\t\t<\/div>\n\t\t\t\t\t\t<\/div>\n\t\t\t\t<div class=\"elementor-element elementor-element-716fcf0 elementor-widget__width-initial elementor-widget-mobile__width-inherit elementor-view-default elementor-position-block-start elementor-mobile-position-block-start elementor-widget elementor-widget-icon-box\" data-id=\"716fcf0\" data-element_type=\"widget\" data-widget_type=\"icon-box.default\">\n\t\t\t\t\t\t\t<div class=\"elementor-icon-box-wrapper\">\n\n\t\t\t\t\t\t<div class=\"elementor-icon-box-icon\">\n\t\t\t\t<span  class=\"elementor-icon\">\n\t\t\t\t<svg xmlns=\"http:\/\/www.w3.org\/2000\/svg\" width=\"213\" height=\"213\" viewBox=\"0 0 213 213\"><path d=\"M212.5 0.199951C141.8 47.7 71.1004 47.7 0.400391 0.199951C47.9004 70.8999 47.9004 141.6 0.400391 212.4C71.1004 164.9 141.8 164.9 212.6 212.4C165.1 141.7 165.1 71 212.6 0.199951H212.5Z\" fill=\"#3C3C3B\"><\/path><\/svg>\t\t\t\t<\/span>\n\t\t\t<\/div>\n\t\t\t\n\t\t\t\t\t\t<div class=\"elementor-icon-box-content\">\n\n\t\t\t\t\n\t\t\t\t\t\t\t\t\t<p class=\"elementor-icon-box-description\">\n\t\t\t\t\t\tgarantizar mayor elasticidad y ligereza\t\t\t\t\t<\/p>\n\t\t\t\t\n\t\t\t<\/div>\n\t\t\t\n\t\t<\/div>\n\t\t\t\t\t\t<\/div>\n\t\t\t\t<div class=\"elementor-element elementor-element-4cb25c3 elementor-widget__width-initial elementor-widget-mobile__width-inherit elementor-view-default elementor-position-block-start elementor-mobile-position-block-start elementor-widget elementor-widget-icon-box\" data-id=\"4cb25c3\" data-element_type=\"widget\" data-widget_type=\"icon-box.default\">\n\t\t\t\t\t\t\t<div class=\"elementor-icon-box-wrapper\">\n\n\t\t\t\t\t\t<div class=\"elementor-icon-box-icon\">\n\t\t\t\t<span  class=\"elementor-icon\">\n\t\t\t\t<svg xmlns=\"http:\/\/www.w3.org\/2000\/svg\" width=\"227\" height=\"227\" viewBox=\"0 0 227 227\"><path d=\"M16.8008 74.1001H59.6008V154.3C33.8008 137 16.8008 107.5 16.8008 74.1001Z\" fill=\"#292B2A\"><\/path><path d=\"M70.6992 74.1001H92.7992V168.5C84.9992 166.8 77.5992 164.2 70.6992 160.8V74.2001V74.1001Z\" fill=\"#292B2A\"><\/path><path d=\"M103.801 74.1001H125.901V169.9C121.801 170.4 117.601 170.7 113.401 170.7C109.201 170.7 107.001 170.5 103.801 170.2V74.1001Z\" fill=\"#292B2A\"><\/path><path d=\"M137 74.1H159.1V159.2C152.2 162.9 144.8 165.8 137 167.7V74V74.1Z\" fill=\"#292B2A\"><\/path><path d=\"M209.9 74.1001C209.9 106.2 194.2 134.7 170.1 152.3V74.1001H209.9Z\" fill=\"#292B2A\"><\/path><path d=\"M70.5996 16.8H59.5996V74.1H70.5996V16.8Z\" fill=\"#292B2A\"><\/path><path d=\"M59.5996 154.3C63.0996 156.7 66.7996 158.8 70.5996 160.7V209.9H59.5996V154.3Z\" fill=\"#292B2A\"><\/path><path d=\"M103.801 16.8H92.8008V74.1H103.801V16.8Z\" fill=\"#292B2A\"><\/path><path d=\"M92.8008 168.5C96.4008 169.3 100.101 169.9 103.801 170.2V210H92.8008V168.5Z\" fill=\"#292B2A\"><\/path><path d=\"M137 16.8H125.9V74.1H137V16.8Z\" fill=\"#292B2A\"><\/path><path d=\"M125.9 169.9C129.7 169.4 133.3 168.7 137 167.8V210H125.9V169.9Z\" fill=\"#292B2A\"><\/path><path d=\"M170 16.8H159V74.1H170V16.8Z\" fill=\"#292B2A\"><\/path><path d=\"M159 159.2C162.9 157.1 166.5 154.8 170 152.3V210H159V159.3V159.2Z\" fill=\"#292B2A\"><\/path><\/svg>\t\t\t\t<\/span>\n\t\t\t<\/div>\n\t\t\t\n\t\t\t\t\t\t<div class=\"elementor-icon-box-content\">\n\n\t\t\t\t\n\t\t\t\t\t\t\t\t\t<p class=\"elementor-icon-box-description\">\n\t\t\t\t\t\tmejorar la transpiraci\u00f3n de la badana\t\t\t\t\t<\/p>\n\t\t\t\t\n\t\t\t<\/div>\n\t\t\t\n\t\t<\/div>\n\t\t\t\t\t\t<\/div>\n\t\t\t\t<\/div>\n\t\t\t\t\t<\/div>\n\t\t\t\t<\/div>\n\t\t<div class=\"elementor-element elementor-element-e8f3edb e-con-full e-flex e-con e-parent\" data-id=\"e8f3edb\" data-element_type=\"container\" data-settings=\"{&quot;background_background&quot;:&quot;classic&quot;}\">\n\t\t\t\t<div class=\"elementor-element elementor-element-6c563e4 elementor-absolute shape-divider elementor-view-default elementor-widget elementor-widget-icon\" data-id=\"6c563e4\" data-element_type=\"widget\" data-settings=\"{&quot;_position&quot;:&quot;absolute&quot;}\" data-widget_type=\"icon.default\">\n\t\t\t\t\t\t\t<div class=\"elementor-icon-wrapper\">\n\t\t\t<div class=\"elementor-icon\">\n\t\t\t<svg xmlns=\"http:\/\/www.w3.org\/2000\/svg\" id=\"a\" viewBox=\"0 0 1970 273.57\"><path d=\"M0,0v6.22C180.82-11.11,649.33-2.58,1076.77,170.18c427.45,172.75,773.59,90.64,893.23,27.99V0H0Z\"><\/path><\/svg>\t\t\t<\/div>\n\t\t<\/div>\n\t\t\t\t\t\t<\/div>\n\t\t<div class=\"elementor-element elementor-element-fb71a2f e-con-full fullwidth-padding-left e-flex e-con e-child\" data-id=\"fb71a2f\" data-element_type=\"container\">\n\t\t\t\t<div class=\"elementor-element elementor-element-c40caaa elementor-widget elementor-widget-heading\" data-id=\"c40caaa\" data-element_type=\"widget\" data-widget_type=\"heading.default\">\n\t\t\t\t\t<h2 class=\"elementor-heading-title elementor-size-default\">La reutilizaci\u00f3n comienza con los residuos<\/h2>\t\t\t\t<\/div>\n\t\t\t\t<div class=\"elementor-element elementor-element-cb7439e elementor-widget elementor-widget-text-editor\" data-id=\"cb7439e\" data-element_type=\"widget\" data-widget_type=\"text-editor.default\">\n\t\t\t\t\t\t\t\t\t<p>En colaboraci\u00f3n con una empresa de nuestra zona, los residuos de producci\u00f3n se recogen, seleccionan y transforman en rellenos para un segundo uso.<\/p><p>Un enfoque circular, concreto, hecho de gestos cotidianos y cadenas de suministro locales.<\/p>\t\t\t\t\t\t\t\t<\/div>\n\t\t\t\t<\/div>\n\t\t<div data-dce-background-image-url=\"https:\/\/dolomiti-pads.com\/wp-content\/uploads\/2025\/10\/riuso-dagli-scarti-copia.webp\" class=\"elementor-element elementor-element-9a5194f e-con-full e-flex elementor-invisible e-con e-child\" data-id=\"9a5194f\" data-element_type=\"container\" data-settings=\"{&quot;background_background&quot;:&quot;classic&quot;,&quot;motion_fx_motion_fx_scrolling&quot;:&quot;yes&quot;,&quot;motion_fx_translateY_effect&quot;:&quot;yes&quot;,&quot;motion_fx_translateY_speed&quot;:{&quot;unit&quot;:&quot;px&quot;,&quot;size&quot;:2,&quot;sizes&quot;:[]},&quot;motion_fx_translateY_affectedRange&quot;:{&quot;unit&quot;:&quot;%&quot;,&quot;size&quot;:&quot;&quot;,&quot;sizes&quot;:{&quot;start&quot;:0,&quot;end&quot;:67}},&quot;motion_fx_devices&quot;:[&quot;desktop&quot;,&quot;laptop&quot;,&quot;tablet&quot;],&quot;animation&quot;:&quot;fadeIn&quot;}\">\n\t\t\t\t<\/div>\n\t\t\t\t<\/div>\n\t\t<div class=\"elementor-element elementor-element-0314124 e-con-full cp-both e-flex e-con e-parent\" data-id=\"0314124\" data-element_type=\"container\">\n\t\t\t\t<div class=\"elementor-element elementor-element-b17dbeb elementor-absolute shape-divider e-transform elementor-view-default elementor-widget elementor-widget-icon\" data-id=\"b17dbeb\" data-element_type=\"widget\" data-settings=\"{&quot;_position&quot;:&quot;absolute&quot;,&quot;_transform_flipX_effect&quot;:&quot;transform&quot;}\" data-widget_type=\"icon.default\">\n\t\t\t\t\t\t\t<div class=\"elementor-icon-wrapper\">\n\t\t\t<div class=\"elementor-icon\">\n\t\t\t<svg xmlns=\"http:\/\/www.w3.org\/2000\/svg\" id=\"a\" viewBox=\"0 0 1970 273.57\"><path d=\"M0,0v6.22C180.82-11.11,649.33-2.58,1076.77,170.18c427.45,172.75,773.59,90.64,893.23,27.99V0H0Z\"><\/path><\/svg>\t\t\t<\/div>\n\t\t<\/div>\n\t\t\t\t\t\t<\/div>\n\t\t<div class=\"elementor-element elementor-element-dd4886d e-flex e-con-boxed e-con e-child\" data-id=\"dd4886d\" data-element_type=\"container\">\n\t\t\t\t\t<div class=\"e-con-inner\">\n\t\t\t\t<div class=\"elementor-element elementor-element-f3c9d33 elementor-invisible elementor-widget elementor-widget-image\" data-id=\"f3c9d33\" data-element_type=\"widget\" data-settings=\"{&quot;_animation&quot;:&quot;fadeInUp&quot;}\" data-widget_type=\"image.default\">\n\t\t\t\t\t\t\t\t\t\t\t\t\t\t\t<img fetchpriority=\"high\" decoding=\"async\" width=\"800\" height=\"457\" src=\"https:\/\/dolomiti-pads.com\/wp-content\/uploads\/2025\/10\/sostenibilita-che-non-si-ferma-copia-1024x585.webp\" class=\"attachment-large size-large wp-image-4709\" alt=\"\" srcset=\"https:\/\/dolomiti-pads.com\/wp-content\/uploads\/2025\/10\/sostenibilita-che-non-si-ferma-copia-1024x585.webp 1024w, https:\/\/dolomiti-pads.com\/wp-content\/uploads\/2025\/10\/sostenibilita-che-non-si-ferma-copia-300x171.webp 300w, https:\/\/dolomiti-pads.com\/wp-content\/uploads\/2025\/10\/sostenibilita-che-non-si-ferma-copia-768x439.webp 768w, https:\/\/dolomiti-pads.com\/wp-content\/uploads\/2025\/10\/sostenibilita-che-non-si-ferma-copia.webp 1467w\" sizes=\"(max-width: 800px) 100vw, 800px\" \/>\t\t\t\t\t\t\t\t\t\t\t\t\t\t\t<\/div>\n\t\t\t\t\t<\/div>\n\t\t\t\t<\/div>\n\t\t<div class=\"elementor-element elementor-element-1bdd5fc e-flex e-con-boxed e-con e-child\" data-id=\"1bdd5fc\" data-element_type=\"container\">\n\t\t\t\t\t<div class=\"e-con-inner\">\n\t\t<div class=\"elementor-element elementor-element-3694202 e-con-full e-flex e-con e-child\" data-id=\"3694202\" data-element_type=\"container\">\n\t\t\t\t<div class=\"elementor-element elementor-element-73af3cb elementor-widget elementor-widget-heading\" data-id=\"73af3cb\" data-element_type=\"widget\" data-widget_type=\"heading.default\">\n\t\t\t\t\t<div class=\"elementor-heading-title elementor-size-default\">Una sostenibilidad que no se detiene aqu\u00ed<\/div>\t\t\t\t<\/div>\n\t\t\t\t<\/div>\n\t\t<div class=\"elementor-element elementor-element-c4e1fd0 e-con-full e-flex e-con e-child\" data-id=\"c4e1fd0\" data-element_type=\"container\">\n\t\t\t\t<div class=\"elementor-element elementor-element-0009f96 elementor-widget elementor-widget-text-editor\" data-id=\"0009f96\" data-element_type=\"widget\" data-widget_type=\"text-editor.default\">\n\t\t\t\t\t\t\t\t\t<p>Nuestro compromiso no es una meta, sino un proceso en continua actualizaci\u00f3n.<br>Cada nueva tecnolog\u00eda, cada nueva espuma, cada nuevo tejido se eval\u00faa tambi\u00e9n desde una perspectiva medioambiental.<\/p>\t\t\t\t\t\t\t\t<\/div>\n\t\t\t\t<\/div>\n\t\t\t\t\t<\/div>\n\t\t\t\t<\/div>\n\t\t\t\t<\/div>\n\t\t<div data-dce-background-image-url=\"https:\/\/dolomiti-pads.com\/wp-content\/uploads\/2025\/10\/Group-47-copia.webp\" class=\"elementor-element elementor-element-3f600ad cp-both e-flex e-con-boxed e-con e-parent\" data-id=\"3f600ad\" data-element_type=\"container\" data-settings=\"{&quot;background_background&quot;:&quot;classic&quot;}\">\n\t\t\t\t\t<div class=\"e-con-inner\">\n\t\t\t\t<div class=\"elementor-element elementor-element-7552083 elementor-invisible elementor-widget elementor-widget-heading\" data-id=\"7552083\" data-element_type=\"widget\" data-settings=\"{&quot;_animation&quot;:&quot;fadeIn&quot;}\" data-widget_type=\"heading.default\">\n\t\t\t\t\t<div class=\"elementor-heading-title elementor-size-default\">Porque creemos que los grandes logros deben dejar una huella en el coraz\u00f3n, no en el planeta.<\/div>\t\t\t\t<\/div>\n\t\t\t\t\t<\/div>\n\t\t\t\t<\/div>\n\t\t\t\t<\/div>\n\t\t","protected":false},"excerpt":{"rendered":"<p>Corriendo hacia la innovaci\u00f3n En un mundo que cambia r\u00e1pidamente, creemos que la sostenibilidad ya no es una posibilidad, sino una responsabilidad. Por eso trabajamos cada d\u00eda para mejorar nuestros procesos productivos, reducir el impacto ambiental y ofrecer a nuestros clientes soluciones m\u00e1s conscientes, sin sacrificar nunca el rendimiento. Materiales reciclados, alto rendimiento Nuestro camino [&hellip;]<\/p>\n","protected":false},"author":25,"featured_media":0,"parent":4596,"menu_order":0,"comment_status":"closed","ping_status":"closed","template":"page-header-stacked.php","meta":{"_acf_changed":false,"footnotes":""},"class_list":["post-4705","page","type-page","status-publish","hentry"],"acf":[],"_links":{"self":[{"href":"https:\/\/dolomiti-pads.com\/es\/wp-json\/wp\/v2\/pages\/4705","targetHints":{"allow":["GET"]}}],"collection":[{"href":"https:\/\/dolomiti-pads.com\/es\/wp-json\/wp\/v2\/pages"}],"about":[{"href":"https:\/\/dolomiti-pads.com\/es\/wp-json\/wp\/v2\/types\/page"}],"author":[{"embeddable":true,"href":"https:\/\/dolomiti-pads.com\/es\/wp-json\/wp\/v2\/users\/25"}],"replies":[{"embeddable":true,"href":"https:\/\/dolomiti-pads.com\/es\/wp-json\/wp\/v2\/comments?post=4705"}],"version-history":[{"count":1,"href":"https:\/\/dolomiti-pads.com\/es\/wp-json\/wp\/v2\/pages\/4705\/revisions"}],"predecessor-version":[{"id":4713,"href":"https:\/\/dolomiti-pads.com\/es\/wp-json\/wp\/v2\/pages\/4705\/revisions\/4713"}],"up":[{"embeddable":true,"href":"https:\/\/dolomiti-pads.com\/es\/wp-json\/wp\/v2\/pages\/4596"}],"wp:attachment":[{"href":"https:\/\/dolomiti-pads.com\/es\/wp-json\/wp\/v2\/media?parent=4705"}],"curies":[{"name":"wp","href":"https:\/\/api.w.org\/{rel}","templated":true}]}}