{"id":4596,"date":"2025-09-30T17:02:36","date_gmt":"2025-09-30T15:02:36","guid":{"rendered":"https:\/\/dolomiti-pads.com\/empresa\/"},"modified":"2026-02-24T14:33:47","modified_gmt":"2026-02-24T13:33:47","slug":"empresa","status":"publish","type":"page","link":"https:\/\/dolomiti-pads.com\/es\/empresa\/","title":{"rendered":"Empresa"},"content":{"rendered":"\t\t<div data-elementor-type=\"wp-page\" data-elementor-id=\"4596\" class=\"elementor elementor-4596 elementor-937\" data-elementor-post-type=\"page\">\n\t\t\t\t<div class=\"elementor-element elementor-element-df3e14d cp-both e-flex e-con-boxed e-con e-parent\" data-id=\"df3e14d\" data-element_type=\"container\" data-settings=\"{&quot;background_background&quot;:&quot;classic&quot;}\">\n\t\t\t\t\t<div class=\"e-con-inner\">\n\t\t\t\t<div class=\"elementor-element elementor-element-83a76fe breadcrumb-green elementor-widget elementor-widget-heading\" data-id=\"83a76fe\" data-element_type=\"widget\" data-widget_type=\"heading.default\">\n\t\t\t\t\t<div class=\"elementor-heading-title elementor-size-default\"><nav aria-label=\"breadcrumbs\" class=\"rank-math-breadcrumb\"><p><span class=\"last\">Home<\/span><\/p><\/nav><\/div>\t\t\t\t<\/div>\n\t\t\t\t<div class=\"elementor-element elementor-element-8acd98f elementor-widget elementor-widget-heading\" data-id=\"8acd98f\" data-element_type=\"widget\" data-widget_type=\"heading.default\">\n\t\t\t\t\t<h1 class=\"elementor-heading-title elementor-size-default\">Corriendo hacia la innovaci\u00f3n<\/h1>\t\t\t\t<\/div>\n\t\t\t\t<div class=\"elementor-element elementor-element-e6fbd75 elementor-widget elementor-widget-heading\" data-id=\"e6fbd75\" data-element_type=\"widget\" data-widget_type=\"heading.default\">\n\t\t\t\t\t<div class=\"elementor-heading-title elementor-size-default\">pero con los pies bien puestos en los pedales<\/div>\t\t\t\t<\/div>\n\t\t\t\t\t<\/div>\n\t\t\t\t<\/div>\n\t\t<div class=\"elementor-element elementor-element-f657e27 e-con-full cp-both e-flex e-con e-parent\" data-id=\"f657e27\" data-element_type=\"container\">\n\t\t\t\t<div class=\"elementor-element elementor-element-eb6c992 elementor-absolute shape-divider elementor-view-default elementor-widget elementor-widget-icon\" data-id=\"eb6c992\" data-element_type=\"widget\" data-settings=\"{&quot;_position&quot;:&quot;absolute&quot;}\" data-widget_type=\"icon.default\">\n\t\t\t\t\t\t\t<div class=\"elementor-icon-wrapper\">\n\t\t\t<div class=\"elementor-icon\">\n\t\t\t<svg xmlns=\"http:\/\/www.w3.org\/2000\/svg\" id=\"a\" viewBox=\"0 0 1970 273.57\"><path d=\"M0,0v6.22C180.82-11.11,649.33-2.58,1076.77,170.18c427.45,172.75,773.59,90.64,893.23,27.99V0H0Z\"><\/path><\/svg>\t\t\t<\/div>\n\t\t<\/div>\n\t\t\t\t\t\t<\/div>\n\t\t<div class=\"elementor-element elementor-element-eb42013 e-flex e-con-boxed e-con e-child\" data-id=\"eb42013\" data-element_type=\"container\">\n\t\t\t\t\t<div class=\"e-con-inner\">\n\t\t\t\t<div class=\"elementor-element elementor-element-af62484 elementor-widget elementor-widget-image\" data-id=\"af62484\" data-element_type=\"widget\" data-settings=\"{&quot;motion_fx_motion_fx_scrolling&quot;:&quot;yes&quot;,&quot;motion_fx_translateY_effect&quot;:&quot;yes&quot;,&quot;motion_fx_translateY_direction&quot;:&quot;negative&quot;,&quot;motion_fx_translateY_speed&quot;:{&quot;unit&quot;:&quot;px&quot;,&quot;size&quot;:1.9,&quot;sizes&quot;:[]},&quot;motion_fx_translateY_affectedRange&quot;:{&quot;unit&quot;:&quot;%&quot;,&quot;size&quot;:&quot;&quot;,&quot;sizes&quot;:{&quot;start&quot;:12,&quot;end&quot;:52}},&quot;motion_fx_devices&quot;:[&quot;desktop&quot;,&quot;laptop&quot;,&quot;tablet&quot;]}\" data-widget_type=\"image.default\">\n\t\t\t\t\t\t\t\t\t\t\t\t\t\t\t<img fetchpriority=\"high\" decoding=\"async\" width=\"800\" height=\"457\" src=\"https:\/\/dolomiti-pads.com\/wp-content\/uploads\/2025\/10\/banner-azienda-copia-1024x585.webp\" class=\"attachment-large size-large wp-image-4598\" alt=\"\" srcset=\"https:\/\/dolomiti-pads.com\/wp-content\/uploads\/2025\/10\/banner-azienda-copia-1024x585.webp 1024w, https:\/\/dolomiti-pads.com\/wp-content\/uploads\/2025\/10\/banner-azienda-copia-300x171.webp 300w, https:\/\/dolomiti-pads.com\/wp-content\/uploads\/2025\/10\/banner-azienda-copia-768x439.webp 768w, https:\/\/dolomiti-pads.com\/wp-content\/uploads\/2025\/10\/banner-azienda-copia.webp 1467w\" sizes=\"(max-width: 800px) 100vw, 800px\" \/>\t\t\t\t\t\t\t\t\t\t\t\t\t\t\t<\/div>\n\t\t\t\t\t<\/div>\n\t\t\t\t<\/div>\n\t\t\t\t<\/div>\n\t\t<div class=\"elementor-element elementor-element-73a1729 cp-both e-flex e-con-boxed elementor-invisible e-con e-parent\" data-id=\"73a1729\" data-element_type=\"container\" data-settings=\"{&quot;animation&quot;:&quot;fadeIn&quot;}\">\n\t\t\t\t\t<div class=\"e-con-inner\">\n\t\t\t\t<div class=\"elementor-element elementor-element-250b9ee elementor-widget__width-initial elementor-widget-mobile_extra__width-inherit elementor-widget elementor-widget-heading\" data-id=\"250b9ee\" data-element_type=\"widget\" data-widget_type=\"heading.default\">\n\t\t\t\t\t<div class=\"elementor-heading-title elementor-size-default\">Dolomiti Pads nace de una pasi\u00f3n aut\u00e9ntica: la del deporte, la calidad y el trabajo bien hecho. <\/div>\t\t\t\t<\/div>\n\t\t\t\t<div class=\"elementor-element elementor-element-b172c46 elementor-widget__width-initial elementor-widget-mobile_extra__width-inherit elementor-widget elementor-widget-text-editor\" data-id=\"b172c46\" data-element_type=\"widget\" data-widget_type=\"text-editor.default\">\n\t\t\t\t\t\t\t\t\t<p>Somos una empresa italiana que cuenta con 20 a\u00f1os de experiencia en el dise\u00f1o y la producci\u00f3n de badanas t\u00e9cnicas para ciclismo.<\/p><p>Nuestra historia tiene sus ra\u00edces en la pasi\u00f3n por el deporte y en la tradici\u00f3n manufacturera del territorio, al que estamos profundamente ligados.<br>A lo largo de los a\u00f1os hemos crecido, evolucionando de laboratorio artesanal a realidad internacional, pero hemos mantenido intacto lo que nos distingue: cuidado, precisi\u00f3n y atenci\u00f3n por cada badana.<\/p>\t\t\t\t\t\t\t\t<\/div>\n\t\t\t\t\t<\/div>\n\t\t\t\t<\/div>\n\t\t<div class=\"elementor-element elementor-element-66e242b e-con-full e-flex e-con e-parent\" data-id=\"66e242b\" data-element_type=\"container\" data-settings=\"{&quot;background_background&quot;:&quot;classic&quot;}\">\n\t\t<div data-dce-background-image-url=\"https:\/\/dolomiti-pads.com\/wp-content\/uploads\/2025\/10\/artigianalita.webp\" class=\"elementor-element elementor-element-5600c64 e-con-full e-flex e-con e-child\" data-id=\"5600c64\" data-element_type=\"container\" data-settings=\"{&quot;background_background&quot;:&quot;classic&quot;}\">\n\t\t\t\t<\/div>\n\t\t<div class=\"elementor-element elementor-element-2d12dac e-con-full fullwidth-padding-right e-flex elementor-invisible e-con e-child\" data-id=\"2d12dac\" data-element_type=\"container\" data-settings=\"{&quot;animation&quot;:&quot;fadeIn&quot;}\">\n\t\t\t\t<div class=\"elementor-element elementor-element-9d49d5e elementor-widget elementor-widget-heading\" data-id=\"9d49d5e\" data-element_type=\"widget\" data-widget_type=\"heading.default\">\n\t\t\t\t\t<h2 class=\"elementor-heading-title elementor-size-default\">Artesan\u00eda que resiste al tiempo<\/h2>\t\t\t\t<\/div>\n\t\t\t\t<div class=\"elementor-element elementor-element-2c5cf64 elementor-widget elementor-widget-text-editor\" data-id=\"2c5cf64\" data-element_type=\"widget\" data-widget_type=\"text-editor.default\">\n\t\t\t\t\t\t\t\t\t<p>Incluso hoy en d\u00eda, cada badana Dolomiti Pads se controla manualmente, es moldeada por personas expertas y se remata con cuidado y pasi\u00f3n.<\/p><p>Creemos en la tecnolog\u00eda, pero sobre todo en las manos que la gu\u00edan. Por eso, cada pieza que sale de nuestro laboratorio lleva consigo la impronta de nuestra identidad: calidad, precisi\u00f3n y fiabilidad. <\/p>\t\t\t\t\t\t\t\t<\/div>\n\t\t\t\t<\/div>\n\t\t\t\t<\/div>\n\t\t<div class=\"elementor-element elementor-element-1a27101 cp-both e-flex e-con-boxed e-con e-parent\" data-id=\"1a27101\" data-element_type=\"container\" data-settings=\"{&quot;background_background&quot;:&quot;classic&quot;}\">\n\t\t\t\t\t<div class=\"e-con-inner\">\n\t\t<div class=\"elementor-element elementor-element-58f9558 e-con-full e-flex e-con e-child\" data-id=\"58f9558\" data-element_type=\"container\">\n\t\t<div class=\"elementor-element elementor-element-286a6a8 e-con-full e-flex e-con e-child\" data-id=\"286a6a8\" data-element_type=\"container\">\n\t\t\t\t<div class=\"elementor-element elementor-element-1288a7e no-break-title elementor-widget elementor-widget-heading\" data-id=\"1288a7e\" data-element_type=\"widget\" data-widget_type=\"heading.default\">\n\t\t\t\t\t<h2 class=\"elementor-heading-title elementor-size-default\">Un equipo de apasionados para pedalear contigo<\/h2>\t\t\t\t<\/div>\n\t\t\t\t<\/div>\n\t\t<div class=\"elementor-element elementor-element-42e04a6 e-con-full e-flex e-con e-child\" data-id=\"42e04a6\" data-element_type=\"container\">\n\t\t\t\t<div class=\"elementor-element elementor-element-6d9657b elementor-widget elementor-widget-text-editor\" data-id=\"6d9657b\" data-element_type=\"widget\" data-widget_type=\"text-editor.default\">\n\t\t\t\t\t\t\t\t\t<p>El equipo que encontrar\u00e1s en Dolomiti Pads es mucho m\u00e1s que un grupo de compa\u00f1eros: es un equipo de apasionados que creen en un ambiente de trabajo sereno, donde se apoyan mutuamente, se escuchan, crecen juntos. Y esto se refleja en cada detalle de nuestras badanas. <\/p>\t\t\t\t\t\t\t\t<\/div>\n\t\t\t\t<\/div>\n\t\t\t\t<\/div>\n\t\t\t\t<div class=\"elementor-element elementor-element-15e170f elementor-invisible elementor-widget elementor-widget-image\" data-id=\"15e170f\" data-element_type=\"widget\" data-settings=\"{&quot;_animation&quot;:&quot;fadeInUp&quot;}\" data-widget_type=\"image.default\">\n\t\t\t\t\t\t\t\t\t\t\t\t\t\t\t<img decoding=\"async\" width=\"1467\" height=\"838\" src=\"https:\/\/dolomiti-pads.com\/wp-content\/uploads\/2025\/11\/foto-team.webp\" class=\"attachment-full size-full wp-image-4602\" alt=\"\" srcset=\"https:\/\/dolomiti-pads.com\/wp-content\/uploads\/2025\/11\/foto-team.webp 1467w, https:\/\/dolomiti-pads.com\/wp-content\/uploads\/2025\/11\/foto-team-300x171.webp 300w, https:\/\/dolomiti-pads.com\/wp-content\/uploads\/2025\/11\/foto-team-1024x585.webp 1024w, https:\/\/dolomiti-pads.com\/wp-content\/uploads\/2025\/11\/foto-team-768x439.webp 768w\" sizes=\"(max-width: 1467px) 100vw, 1467px\" \/>\t\t\t\t\t\t\t\t\t\t\t\t\t\t\t<\/div>\n\t\t\t\t\t<\/div>\n\t\t\t\t<\/div>\n\t\t<div class=\"elementor-element elementor-element-ba023db e-con-full e-flex e-con e-parent\" data-id=\"ba023db\" data-element_type=\"container\">\n\t\t\t\t<div class=\"elementor-element elementor-element-bf5321d elementor-absolute shape-divider elementor-view-default elementor-widget elementor-widget-icon\" data-id=\"bf5321d\" data-element_type=\"widget\" data-settings=\"{&quot;_position&quot;:&quot;absolute&quot;}\" data-widget_type=\"icon.default\">\n\t\t\t\t\t\t\t<div class=\"elementor-icon-wrapper\">\n\t\t\t<div class=\"elementor-icon\">\n\t\t\t<svg xmlns=\"http:\/\/www.w3.org\/2000\/svg\" id=\"a\" viewBox=\"0 0 1970 273.57\"><path d=\"M0,0v6.22C180.82-11.11,649.33-2.58,1076.77,170.18c427.45,172.75,773.59,90.64,893.23,27.99V0H0Z\"><\/path><\/svg>\t\t\t<\/div>\n\t\t<\/div>\n\t\t\t\t\t\t<\/div>\n\t\t<div class=\"elementor-element elementor-element-bf57a97 e-con-full fullwidth-padding-left e-flex e-con e-child\" data-id=\"bf57a97\" data-element_type=\"container\">\n\t\t\t\t<div class=\"elementor-element elementor-element-3afd927 elementor-widget elementor-widget-heading\" data-id=\"3afd927\" data-element_type=\"widget\" data-widget_type=\"heading.default\">\n\t\t\t\t\t<h3 class=\"elementor-heading-title elementor-size-default\">El cliente en el centro, siempre<\/h3>\t\t\t\t<\/div>\n\t\t\t\t<div class=\"elementor-element elementor-element-b13a106 elementor-widget elementor-widget-text-editor\" data-id=\"b13a106\" data-element_type=\"widget\" data-widget_type=\"text-editor.default\">\n\t\t\t\t\t\t\t\t\t<p>Cada cliente tiene su propio ritmo, su propio objetivo y su propia visi\u00f3n. Nosotros estamos aqu\u00ed para seguirla, para escucharla y para darle forma.<\/p><p>Por eso somos flexibles, r\u00e1pidos, presentes. Respondemos r\u00e1pido, nos adaptamos, nos involucramos incluso cuando el proyecto cambia. Porque, desde siempre, nuestro trabajo se ha construido en torno a quien pedalea.  <\/p>\t\t\t\t\t\t\t\t<\/div>\n\t\t\t\t<\/div>\n\t\t<div data-dce-background-image-url=\"https:\/\/dolomiti-pads.com\/wp-content\/uploads\/2025\/10\/il-cliente-al-centro.webp\" class=\"elementor-element elementor-element-3264c65 e-con-full e-flex e-con e-child\" data-id=\"3264c65\" data-element_type=\"container\" data-settings=\"{&quot;background_background&quot;:&quot;classic&quot;,&quot;motion_fx_motion_fx_scrolling&quot;:&quot;yes&quot;,&quot;motion_fx_translateY_effect&quot;:&quot;yes&quot;,&quot;motion_fx_translateY_speed&quot;:{&quot;unit&quot;:&quot;px&quot;,&quot;size&quot;:2,&quot;sizes&quot;:[]},&quot;motion_fx_translateY_affectedRange&quot;:{&quot;unit&quot;:&quot;%&quot;,&quot;size&quot;:&quot;&quot;,&quot;sizes&quot;:{&quot;start&quot;:0,&quot;end&quot;:70}},&quot;motion_fx_devices&quot;:[&quot;desktop&quot;,&quot;laptop&quot;,&quot;tablet&quot;]}\">\n\t\t\t\t<\/div>\n\t\t\t\t<\/div>\n\t\t<div class=\"elementor-element elementor-element-35c6917 cp-both elementor-hidden-desktop elementor-hidden-laptop elementor-hidden-tablet elementor-hidden-mobile_extra elementor-hidden-mobile e-flex e-con-boxed e-con e-parent\" data-id=\"35c6917\" data-element_type=\"container\" data-settings=\"{&quot;background_background&quot;:&quot;classic&quot;}\">\n\t\t\t\t\t<div class=\"e-con-inner\">\n\t\t<div class=\"elementor-element elementor-element-4923467 e-grid e-con-full e-con e-child\" data-id=\"4923467\" data-element_type=\"container\">\n\t\t<div class=\"elementor-element elementor-element-0b3c3a8 e-con-full elementor-hidden-desktop elementor-hidden-laptop elementor-hidden-tablet elementor-hidden-mobile_extra elementor-hidden-mobile e-flex e-con e-child\" data-id=\"0b3c3a8\" data-element_type=\"container\">\n\t\t<div class=\"elementor-element elementor-element-063ccdd e-con-full e-flex e-con e-child\" data-id=\"063ccdd\" data-element_type=\"container\">\n\t\t\t\t<div class=\"elementor-element elementor-element-8f561fc elementor-widget elementor-widget-heading\" data-id=\"8f561fc\" data-element_type=\"widget\" data-widget_type=\"heading.default\">\n\t\t\t\t\t<h3 class=\"elementor-heading-title elementor-size-default\">Nuestras\ncertificaciones<\/h3>\t\t\t\t<\/div>\n\t\t\t\t<div class=\"elementor-element elementor-element-cfced64 elementor-widget elementor-widget-text-editor\" data-id=\"cfced64\" data-element_type=\"widget\" data-widget_type=\"text-editor.default\">\n\t\t\t\t\t\t\t\t\t<p>Materiales, tecnolog\u00edas y elaboraciones de calidad comprobada.<\/p>\t\t\t\t\t\t\t\t<\/div>\n\t\t\t\t<\/div>\n\t\t\t\t<div class=\"elementor-element elementor-element-a69f743 elementor-position-inline-end elementor-widget__width-auto elementor-mobile-position-inline-end elementor-view-default elementor-widget elementor-widget-icon-box\" data-id=\"a69f743\" data-element_type=\"widget\" data-widget_type=\"icon-box.default\">\n\t\t\t\t\t\t\t<div class=\"elementor-icon-box-wrapper\">\n\n\t\t\t\t\t\t<div class=\"elementor-icon-box-icon\">\n\t\t\t\t<a href=\"https:\/\/dolomiti-pads.com\/azienda\/certificazioni\/\" class=\"elementor-icon\" tabindex=\"-1\" aria-label=\"descubre m\u00e1s\">\n\t\t\t\t<svg xmlns=\"http:\/\/www.w3.org\/2000\/svg\" viewBox=\"0 0 42 42\"><path d=\"M17.7 30.2c-.3 0-.5 0-.7-.3-.4-.4-.4-1 0-1.4l7.5-7.5-7.5-7.5c-.4-.4-.4-1 0-1.4s1-.4 1.4 0l8.2 8.2c.4.4.4 1 0 1.4l-8.2 8.2c-.2.2-.5.3-.7.3Z\"><\/path><path d=\"M21 42C9.4 42 0 32.6 0 21S9.4 0 21 0s21 9.4 21 21-9.4 21-21 21Zm0-40C10.5 2 2 10.5 2 21s8.5 19 19 19 19-8.5 19-19S31.5 2 21 2Z\"><\/path><\/svg>\t\t\t\t<\/a>\n\t\t\t<\/div>\n\t\t\t\n\t\t\t\t\t\t<div class=\"elementor-icon-box-content\">\n\n\t\t\t\t\t\t\t\t\t<div class=\"elementor-icon-box-title\">\n\t\t\t\t\t\t<a href=\"https:\/\/dolomiti-pads.com\/azienda\/certificazioni\/\" >\n\t\t\t\t\t\t\tdescubre m\u00e1s\t\t\t\t\t\t<\/a>\n\t\t\t\t\t<\/div>\n\t\t\t\t\n\t\t\t\t\n\t\t\t<\/div>\n\t\t\t\n\t\t<\/div>\n\t\t\t\t\t\t<\/div>\n\t\t\t\t<\/div>\n\t\t<div class=\"elementor-element elementor-element-57ef92f e-con-full e-flex e-con e-child\" data-id=\"57ef92f\" data-element_type=\"container\">\n\t\t<div class=\"elementor-element elementor-element-84ada9d e-con-full e-flex e-con e-child\" data-id=\"84ada9d\" data-element_type=\"container\">\n\t\t\t\t<div class=\"elementor-element elementor-element-4435bf3 elementor-widget elementor-widget-heading\" data-id=\"4435bf3\" data-element_type=\"widget\" data-widget_type=\"heading.default\">\n\t\t\t\t\t<h3 class=\"elementor-heading-title elementor-size-default\">Nuestro compromiso con la sostenibilidad<\/h3>\t\t\t\t<\/div>\n\t\t\t\t<div class=\"elementor-element elementor-element-12feee0 elementor-widget elementor-widget-text-editor\" data-id=\"12feee0\" data-element_type=\"widget\" data-widget_type=\"text-editor.default\">\n\t\t\t\t\t\t\t\t\t<p>La misma comodidad, el mismo estilo. Pero con una nueva conciencia. <\/p>\t\t\t\t\t\t\t\t<\/div>\n\t\t\t\t<\/div>\n\t\t\t\t<div class=\"elementor-element elementor-element-5536ee0 elementor-position-inline-end elementor-widget__width-auto elementor-mobile-position-inline-end elementor-view-default elementor-widget elementor-widget-icon-box\" data-id=\"5536ee0\" data-element_type=\"widget\" data-widget_type=\"icon-box.default\">\n\t\t\t\t\t\t\t<div class=\"elementor-icon-box-wrapper\">\n\n\t\t\t\t\t\t<div class=\"elementor-icon-box-icon\">\n\t\t\t\t<a href=\"https:\/\/dolomiti-pads.com\/azienda\/sostenibilita\/\" class=\"elementor-icon\" tabindex=\"-1\" aria-label=\"descubre m\u00e1s\">\n\t\t\t\t<svg xmlns=\"http:\/\/www.w3.org\/2000\/svg\" viewBox=\"0 0 42 42\"><path d=\"M17.7 30.2c-.3 0-.5 0-.7-.3-.4-.4-.4-1 0-1.4l7.5-7.5-7.5-7.5c-.4-.4-.4-1 0-1.4s1-.4 1.4 0l8.2 8.2c.4.4.4 1 0 1.4l-8.2 8.2c-.2.2-.5.3-.7.3Z\"><\/path><path d=\"M21 42C9.4 42 0 32.6 0 21S9.4 0 21 0s21 9.4 21 21-9.4 21-21 21Zm0-40C10.5 2 2 10.5 2 21s8.5 19 19 19 19-8.5 19-19S31.5 2 21 2Z\"><\/path><\/svg>\t\t\t\t<\/a>\n\t\t\t<\/div>\n\t\t\t\n\t\t\t\t\t\t<div class=\"elementor-icon-box-content\">\n\n\t\t\t\t\t\t\t\t\t<div class=\"elementor-icon-box-title\">\n\t\t\t\t\t\t<a href=\"https:\/\/dolomiti-pads.com\/azienda\/sostenibilita\/\" >\n\t\t\t\t\t\t\tdescubre m\u00e1s\t\t\t\t\t\t<\/a>\n\t\t\t\t\t<\/div>\n\t\t\t\t\n\t\t\t\t\n\t\t\t<\/div>\n\t\t\t\n\t\t<\/div>\n\t\t\t\t\t\t<\/div>\n\t\t\t\t<\/div>\n\t\t\t\t<\/div>\n\t\t\t\t\t<\/div>\n\t\t\t\t<\/div>\n\t\t\t\t<\/div>\n\t\t","protected":false},"excerpt":{"rendered":"<p>Corriendo hacia la innovaci\u00f3n pero con los pies bien puestos en los pedales Dolomiti Pads nace de una pasi\u00f3n aut\u00e9ntica: la del deporte, la calidad y el trabajo bien hecho. Somos una empresa italiana que cuenta con 20 a\u00f1os de experiencia en el dise\u00f1o y la producci\u00f3n de badanas t\u00e9cnicas para ciclismo. Nuestra historia tiene [&hellip;]<\/p>\n","protected":false},"author":25,"featured_media":0,"parent":0,"menu_order":0,"comment_status":"closed","ping_status":"closed","template":"","meta":{"_acf_changed":false,"footnotes":""},"class_list":["post-4596","page","type-page","status-publish","hentry"],"acf":[],"_links":{"self":[{"href":"https:\/\/dolomiti-pads.com\/es\/wp-json\/wp\/v2\/pages\/4596","targetHints":{"allow":["GET"]}}],"collection":[{"href":"https:\/\/dolomiti-pads.com\/es\/wp-json\/wp\/v2\/pages"}],"about":[{"href":"https:\/\/dolomiti-pads.com\/es\/wp-json\/wp\/v2\/types\/page"}],"author":[{"embeddable":true,"href":"https:\/\/dolomiti-pads.com\/es\/wp-json\/wp\/v2\/users\/25"}],"replies":[{"embeddable":true,"href":"https:\/\/dolomiti-pads.com\/es\/wp-json\/wp\/v2\/comments?post=4596"}],"version-history":[{"count":2,"href":"https:\/\/dolomiti-pads.com\/es\/wp-json\/wp\/v2\/pages\/4596\/revisions"}],"predecessor-version":[{"id":7512,"href":"https:\/\/dolomiti-pads.com\/es\/wp-json\/wp\/v2\/pages\/4596\/revisions\/7512"}],"wp:attachment":[{"href":"https:\/\/dolomiti-pads.com\/es\/wp-json\/wp\/v2\/media?parent=4596"}],"curies":[{"name":"wp","href":"https:\/\/api.w.org\/{rel}","templated":true}]}}