{"id":4576,"date":"2025-09-30T17:03:20","date_gmt":"2025-09-30T15:03:20","guid":{"rendered":"https:\/\/dolomiti-pads.com\/personalizado\/"},"modified":"2026-03-04T11:23:17","modified_gmt":"2026-03-04T10:23:17","slug":"personalizado","status":"publish","type":"page","link":"https:\/\/dolomiti-pads.com\/es\/personalizado\/","title":{"rendered":"Personalizado"},"content":{"rendered":"\t\t<div data-elementor-type=\"wp-page\" data-elementor-id=\"4576\" class=\"elementor elementor-4576 elementor-956\" data-elementor-post-type=\"page\">\n\t\t\t\t<div class=\"elementor-element elementor-element-db1b6db e-con-full e-flex e-con e-parent\" data-id=\"db1b6db\" data-element_type=\"container\">\n\t\t<div class=\"elementor-element elementor-element-0715520 e-con-full fullwidth-padding-left e-flex e-con e-child\" data-id=\"0715520\" data-element_type=\"container\">\n\t\t\t\t<div class=\"elementor-element elementor-element-35766bd breadcrumb-green dark elementor-widget elementor-widget-heading\" data-id=\"35766bd\" data-element_type=\"widget\" data-widget_type=\"heading.default\">\n\t\t\t\t\t<div class=\"elementor-heading-title elementor-size-default\"><nav aria-label=\"breadcrumbs\" class=\"rank-math-breadcrumb\"><p><span class=\"last\">Home<\/span><\/p><\/nav><\/div>\t\t\t\t<\/div>\n\t\t\t\t<div class=\"elementor-element elementor-element-2871fc3 elementor-widget elementor-widget-heading\" data-id=\"2871fc3\" data-element_type=\"widget\" data-widget_type=\"heading.default\">\n\t\t\t\t\t<h1 class=\"elementor-heading-title elementor-size-default\">Producci\u00f3n de badanas personalizadas para cada necesidad<\/h1>\t\t\t\t<\/div>\n\t\t\t\t<\/div>\n\t\t<div data-dce-background-overlay-color=\"#3C3C3B00\" data-dce-background-image-url=\"https:\/\/dolomiti-pads.com\/wp-content\/uploads\/2025\/10\/Banner-fondelli-su-misura.webp\" class=\"elementor-element elementor-element-f1d3dd9 e-con-full e-flex e-con e-child\" data-id=\"f1d3dd9\" data-element_type=\"container\" data-settings=\"{&quot;background_background&quot;:&quot;classic&quot;,&quot;motion_fx_motion_fx_scrolling&quot;:&quot;yes&quot;,&quot;motion_fx_translateY_effect&quot;:&quot;yes&quot;,&quot;motion_fx_translateY_direction&quot;:&quot;negative&quot;,&quot;motion_fx_translateY_speed&quot;:{&quot;unit&quot;:&quot;px&quot;,&quot;size&quot;:2,&quot;sizes&quot;:[]},&quot;motion_fx_translateY_affectedRange&quot;:{&quot;unit&quot;:&quot;%&quot;,&quot;size&quot;:&quot;&quot;,&quot;sizes&quot;:{&quot;start&quot;:0,&quot;end&quot;:61}},&quot;motion_fx_devices&quot;:[&quot;desktop&quot;,&quot;laptop&quot;,&quot;tablet&quot;]}\">\n\t\t\t\t<\/div>\n\t\t\t\t<\/div>\n\t\t<div class=\"elementor-element elementor-element-ad38872 e-con-full cp-both e-flex e-con e-parent\" data-id=\"ad38872\" data-element_type=\"container\" data-settings=\"{&quot;background_background&quot;:&quot;classic&quot;}\">\n\t\t\t\t<div class=\"elementor-element elementor-element-1f1a991 elementor-absolute shape-divider e-transform elementor-view-default elementor-widget elementor-widget-icon\" data-id=\"1f1a991\" data-element_type=\"widget\" data-settings=\"{&quot;_position&quot;:&quot;absolute&quot;,&quot;_transform_flipX_effect&quot;:&quot;transform&quot;}\" data-widget_type=\"icon.default\">\n\t\t\t\t\t\t\t<div class=\"elementor-icon-wrapper\">\n\t\t\t<div class=\"elementor-icon\">\n\t\t\t<svg xmlns=\"http:\/\/www.w3.org\/2000\/svg\" id=\"a\" viewBox=\"0 0 1970 273.57\"><path d=\"M0,0v6.22C180.82-11.11,649.33-2.58,1076.77,170.18c427.45,172.75,773.59,90.64,893.23,27.99V0H0Z\"><\/path><\/svg>\t\t\t<\/div>\n\t\t<\/div>\n\t\t\t\t\t\t<\/div>\n\t\t<div class=\"elementor-element elementor-element-0611bf6 e-flex e-con-boxed e-con e-child\" data-id=\"0611bf6\" data-element_type=\"container\">\n\t\t\t\t\t<div class=\"e-con-inner\">\n\t\t<div class=\"elementor-element elementor-element-c8ee69a e-con-full e-flex e-con e-child\" data-id=\"c8ee69a\" data-element_type=\"container\">\n\t\t\t\t<div class=\"elementor-element elementor-element-d746e63 elementor-widget elementor-widget-heading\" data-id=\"d746e63\" data-element_type=\"widget\" data-widget_type=\"heading.default\">\n\t\t\t\t\t<div class=\"elementor-heading-title elementor-size-default\">Cada marca tiene su propia identidad, cada ciclista su propia forma de montar.<\/div>\t\t\t\t<\/div>\n\t\t\t\t<\/div>\n\t\t<div class=\"elementor-element elementor-element-1391941 e-con-full e-flex e-con e-child\" data-id=\"1391941\" data-element_type=\"container\">\n\t\t\t\t<div class=\"elementor-element elementor-element-c4cdf00 elementor-widget elementor-widget-text-editor\" data-id=\"c4cdf00\" data-element_type=\"widget\" data-widget_type=\"text-editor.default\">\n\t\t\t\t\t\t\t\t\t<p>Nuestro servicio personalizado nace para dar forma a ambos: badanas t\u00e9cnicas a medida, dise\u00f1adas junto con nuestros clientes, probadas en el campo y listas para marcar la diferencia.<\/p><p>Tanto si quieres lanzar una nueva l\u00ednea como mejorar la comodidad de tus prendas, estamos listos para construir contigo la badana ideal.<\/p>\t\t\t\t\t\t\t\t<\/div>\n\t\t\t\t<\/div>\n\t\t\t\t\t<\/div>\n\t\t\t\t<\/div>\n\t\t\t\t<\/div>\n\t\t<div class=\"elementor-element elementor-element-3b6780d cp-both e-flex e-con-boxed e-con e-parent\" data-id=\"3b6780d\" data-element_type=\"container\">\n\t\t\t\t\t<div class=\"e-con-inner\">\n\t\t\t\t<div class=\"elementor-element elementor-element-cfadac1 elementor-widget elementor-widget-heading\" data-id=\"cfadac1\" data-element_type=\"widget\" data-widget_type=\"heading.default\">\n\t\t\t\t\t<h2 class=\"elementor-heading-title elementor-size-default\">\u00bfPor qu\u00e9 elegir nuestro servicio personalizado?<\/h2>\t\t\t\t<\/div>\n\t\t<div class=\"elementor-element elementor-element-224cd40 e-con-full e-flex e-con e-child\" data-id=\"224cd40\" data-element_type=\"container\">\n\t\t\t\t<div class=\"elementor-element elementor-element-b355c90 elementor-widget elementor-widget-ucaddon_vertical_curve_timeline\" data-id=\"b355c90\" data-element_type=\"widget\" data-widget_type=\"ucaddon_vertical_curve_timeline.default\">\n\t\t\t\t<div class=\"elementor-widget-container\">\n\t\t\t\t\t\n<!-- start Vertical Curved Timeline -->\n\t\t<link id='font-awesome-css' href='https:\/\/dolomiti-pads.com\/wp-content\/plugins\/unlimited-elements-for-elementor-premium\/assets_libraries\/font-awesome6\/fontawesome-all.min.css' type='text\/css' rel='stylesheet' >\n\t\t<link id='font-awesome-4-shim-css' href='https:\/\/dolomiti-pads.com\/wp-content\/plugins\/unlimited-elements-for-elementor-premium\/assets_libraries\/font-awesome6\/fontawesome-v4-shims.min.css' type='text\/css' rel='stylesheet' >\n\n<style>\/* widget: Vertical Curved Timeline *\/\n\n#uc_vertical_curve_timeline_elementor_b355c90.ue-container{\n  width: 100%;\n  display: flex;\n  align-items: center;\n}\n\n\/* Timeline Container *\/\n\n#uc_vertical_curve_timeline_elementor_b355c90 .ue-timeline {\n  width:100%;\n  margin: 0 auto;\n  padding: 0 20px;\n}\n\n#uc_vertical_curve_timeline_elementor_b355c90 .ue-item-image{\n  overflow:hidden;\n}\n\n#uc_vertical_curve_timeline_elementor_b355c90 .ue-item-image img{\n  width:100%;\n  height: 100%;\n  transition:0.3s;\n}\n\n\/* Card container *\/\n#uc_vertical_curve_timeline_elementor_b355c90 .ue-card {\n  position: relative;\n  display: flex;\n}\n\n#uc_vertical_curve_timeline_elementor_b355c90 .ue-slno{\n  border-radius: 50%;\n  position: absolute;\n  top: 50%;\n  left: 0;\n  transform: translate(-50%, -50%);\n  display: grid;\n  place-content: center;\n}\n\n\/* setting padding based on even or odd *\/\n  #uc_vertical_curve_timeline_elementor_b355c90 .ue-card:nth-child(odd) {\n    padding: 30px 0 30px 30px;\n  }\n  #uc_vertical_curve_timeline_elementor_b355c90 .ue-card:nth-child(even) {\n    padding: 30px 30px 30px 0;\n  }\n  \/* Global ::before *\/\n  #uc_vertical_curve_timeline_elementor_b355c90 .ue-card::before {\n    content: \"\";\n    position: absolute;\n    width: 50%;\n  }\n\n  \/* Setting the border of top, bottom, left *\/\n  #uc_vertical_curve_timeline_elementor_b355c90 .ue-card:nth-child(odd)::before {\n    left: 0px;\n    top: -2px;\n    bottom: -2px;\n    border-width: 2px 0 2px 2px;\n    border-radius: 20px 0 0 20px;\n  }\n\n  \/* Setting the top and bottom to \"-2px\" because earlier it was out of a pixel in mobile devices *\/\n  @media only screen and (max-width: 400px) {\n    #uc_vertical_curve_timeline_elementor_b355c90 .ue-card:nth-child(odd)::before {\n      top: -2px;\n      bottom: -2px;\n    }\n  }\n\n  \/* Setting the border of top, bottom, right *\/\n  #uc_vertical_curve_timeline_elementor_b355c90 .ue-card:nth-child(even)::before {\n    right: 0;\n    top: 0;\n    bottom: 0;\n    border-width: 2px 2px 2px 0;\n    border-radius: 0 20px 20px 0;\n  }\n\n  \/* Removing the border if it is the first card *\/\n  #uc_vertical_curve_timeline_elementor_b355c90 .ue-card:first-child::before {\n    border-top: 0;\n    border-top-left-radius: 0;\n  }\n\n  \/* Removing the border if it is the last card  and it's odd *\/\n  #uc_vertical_curve_timeline_elementor_b355c90 .ue-card:last-child:nth-child(odd)::before {\n    border-bottom: 0;\n    border-bottom-left-radius: 0;\n  }\n\n  \/* Removing the border if it is the last card  and it's even *\/\n  #uc_vertical_curve_timeline_elementor_b355c90 .ue-card:last-child:nth-child(even)::before {\n    border-bottom: 0;\n    border-bottom-right-radius: 0;\n  }\n\n  \/* Information about the timeline *\/\n  #uc_vertical_curve_timeline_elementor_b355c90 .ue-info {\n    display: flex;\n    border-radius: 10px;\n    padding: 10px;\n    width: 100%;\n  }\n\n  \/* Title of the card *\/\n  #uc_vertical_curve_timeline_elementor_b355c90 .ue-title {\n    position: relative;\n  }\n\n  \/* Timeline dot  *\/\n\n  \/* text right if the card is even  *\/\n  #uc_vertical_curve_timeline_elementor_b355c90 .ue-card:nth-child(even) {\n    text-align: right;\n  }\n\n  #uc_vertical_curve_timeline_elementor_b355c90 .ue-card:nth-child(even) .ue-item-image{\n    margin-left: auto;\n  }\n\n  #uc_vertical_curve_timeline_elementor_b355c90 .ue-card:nth-child(even) .ue-info{\n    padding-right: 20px;\n    margin-left: auto;\n  }\n\n  #uc_vertical_curve_timeline_elementor_b355c90 .ue-card:nth-child(odd) .ue-info{\n    padding-left: 20px;\n  }\n\n  \/* setting dot to the left if the card is odd *\/\n  #uc_vertical_curve_timeline_elementor_b355c90 .ue-card:nth-child(odd) > .ue-info > .ue-title::before {\n    left: -45px;\n  }\n\n  #uc_vertical_curve_timeline_elementor_b355c90 .ue-card:nth-child(even) > .ue-slno{\n    right: 0%;\n    left: auto;\n    transform: translate(50%, -50%);\n    margin-right:calc(2px\/2);\n  }\n\n  #uc_vertical_curve_timeline_elementor_b355c90 .ue-card:nth-child(odd) > .ue-slno{\n    margin-left:calc(2px\/2);;\n  }\n\n  #uc_vertical_curve_timeline_elementor_b355c90 .ue-card:nth-child(1)::before{\n    height: 50%;\n    top: auto;\n  }\n\n  #uc_vertical_curve_timeline_elementor_b355c90 .ue-card:last-child::before{\n    height: 50%;\n  }\n\n  #uc_vertical_curve_timeline_elementor_b355c90 .ue-button-link{\n    width:fit-content;\n    z-index: 100;\n  }\n\n  #uc_vertical_curve_timeline_elementor_b355c90 .ue-card:nth-child(even) .ue-button-link {\n    margin-left:auto;\n  }\n\n\n\n<\/style>\n\n<div id=\"uc_vertical_curve_timeline_elementor_b355c90\" class=\"ue-container\">\n  <div class=\"ue-timeline\">\n    <div class=\"ue-outer\">              \n      <div class=\"ue-card elementor-repeater-item-c8c8236\">\n  \n  <div class=\"ue-slno\">\n    1          \n  <\/div>\n  \n  <div class=\"ue-info\">\n          \t\n    <div class=\"ue-item-wrap\">\n      <h3 class=\"ue-title\">Asesoramiento t\u00e9cnico inicial<\/h3>            <div class=\"ue-description\"><p>Partimos de un an\u00e1lisis exhaustivo de tus necesidades: tipo de ciclista, disciplina, rango de uso y rendimiento requeridos. Te escuchamos para entender d\u00f3nde quieres llegar y ayudarte a alcanzar la cima. <\/p>\n<\/div>                        <\/div>\n  <\/div>\n<\/div>\n<div class=\"ue-card elementor-repeater-item-2a25569\">\n  \n  <div class=\"ue-slno\">\n    2          \n  <\/div>\n  \n  <div class=\"ue-info\">\n          \t\n    <div class=\"ue-item-wrap\">\n      <h3 class=\"ue-title\">Proyecto a medida<\/h3>            <div class=\"ue-description\"><div>\n<p>Dise\u00f1amos juntos la badana ideal: forma, tejidos, espumas, grosor, acabados (rebajado, costura, termoformado), colores y logotipo.<\/p>\n<p>Cada detalle es personalizable, seg\u00fan tus necesidades.<\/p>\n<\/div>\n<\/div>                        <\/div>\n  <\/div>\n<\/div>\n<div class=\"ue-card elementor-repeater-item-49f2f75\">\n  \n  <div class=\"ue-slno\">\n    3          \n  <\/div>\n  \n  <div class=\"ue-info\">\n          \t\n    <div class=\"ue-item-wrap\">\n      <h3 class=\"ue-title\">Prototipado<\/h3>            <div class=\"ue-description\"><div>\n<p>Realizamos una primera muestra f\u00edsica de la badana. Esto te permite evaluar en concreto las caracter\u00edsticas est\u00e9ticas y funcionales del producto. <\/p>\n<\/div>\n<\/div>                        <\/div>\n  <\/div>\n<\/div>\n<div class=\"ue-card elementor-repeater-item-6b10d61\">\n  \n  <div class=\"ue-slno\">\n    4          \n  <\/div>\n  \n  <div class=\"ue-info\">\n                    \t\n    <div class=\"ue-item-wrap\">\n      <h3 class=\"ue-title\">Pruebas t\u00e9cnicas y feedback<\/h3>            <div class=\"ue-description\"><div>\n<p>La badana se prueba para verificar su comodidad, sujeci\u00f3n, transpirabilidad y rendimiento.<\/p>\n<\/div>\n<\/div>                        <\/div>\n  <\/div>\n<\/div>\n<div class=\"ue-card elementor-repeater-item-3bb8e10\">\n  \n  <div class=\"ue-slno\">\n    5          \n  <\/div>\n  \n  <div class=\"ue-info\">\n          \t\n    <div class=\"ue-item-wrap\">\n      <h3 class=\"ue-title\">Optimizaci\u00f3n final<\/h3>            <div class=\"ue-description\"><p>Afinamos el proyecto seg\u00fan tu feedback: cada modificaci\u00f3n es compartida, discutida y aprobada antes de pasar a la producci\u00f3n definitiva.<\/p>\n<\/div>                        <\/div>\n  <\/div>\n<\/div>\n<div class=\"ue-card elementor-repeater-item-e4c9e51\">\n  \n  <div class=\"ue-slno\">\n    6          \n  <\/div>\n  \n  <div class=\"ue-info\">\n          \t\n    <div class=\"ue-item-wrap\">\n      <h3 class=\"ue-title\">Producci\u00f3n y entrega<\/h3>            <div class=\"ue-description\"><div>\n<p>Iniciamos la producci\u00f3n con la m\u00e1xima atenci\u00f3n a la calidad y los plazos. Te entregamos un producto perfectamente ajustado a las especificaciones acordadas, listo para ser integrado en tus prendas. <\/p>\n<\/div>\n<\/div>                        <\/div>\n  <\/div>\n<\/div>\n\n    <\/div>\n  <\/div>\n<\/div>\n<!-- end Vertical Curved Timeline -->\t\t\t\t<\/div>\n\t\t\t\t<\/div>\n\t\t\t\t<\/div>\n\t\t\t\t\t<\/div>\n\t\t\t\t<\/div>\n\t\t<div data-dce-background-image-url=\"https:\/\/dolomiti-pads.com\/wp-content\/uploads\/2025\/10\/Group-47-copia.webp\" class=\"elementor-element elementor-element-c5315e0 cp-both e-flex e-con-boxed e-con e-parent\" data-id=\"c5315e0\" data-element_type=\"container\" data-settings=\"{&quot;background_background&quot;:&quot;classic&quot;}\">\n\t\t\t\t\t<div class=\"e-con-inner\">\n\t\t\t\t<div class=\"elementor-element elementor-element-8234298 elementor-widget elementor-widget-heading\" data-id=\"8234298\" data-element_type=\"widget\" data-widget_type=\"heading.default\">\n\t\t\t\t\t<h3 class=\"elementor-heading-title elementor-size-default\">\u00bfQuieres crear tu badana personalizada?<\/h3>\t\t\t\t<\/div>\n\t\t\t\t<div class=\"elementor-element elementor-element-ef5a575 elementor-widget elementor-widget-text-editor\" data-id=\"ef5a575\" data-element_type=\"widget\" data-widget_type=\"text-editor.default\">\n\t\t\t\t\t\t\t\t\t<p>Rellena el formulario y correremos a tu lado para ayudarte a alcanzar la cima.<\/p>\t\t\t\t\t\t\t\t<\/div>\n\t\t\t\t<div class=\"elementor-element elementor-element-94423df elementor-button-align-end elementor-widget elementor-widget-global elementor-global-4503 elementor-global-1455 elementor-widget-form\" data-id=\"94423df\" data-element_type=\"widget\" data-settings=\"{&quot;step_next_label&quot;:&quot;Next&quot;,&quot;step_previous_label&quot;:&quot;Previous&quot;,&quot;button_width&quot;:&quot;100&quot;,&quot;step_type&quot;:&quot;number_text&quot;,&quot;step_icon_shape&quot;:&quot;circle&quot;}\" data-widget_type=\"form.default\">\n\t\t\t\t\t\t\t<form class=\"elementor-form\" method=\"post\" name=\"Nuevo formulario\" aria-label=\"Nuevo formulario\">\n\t\t\t<input type=\"hidden\" name=\"post_id\" value=\"4576\"\/>\n\t\t\t<input type=\"hidden\" name=\"form_id\" value=\"94423df\"\/>\n\t\t\t<input type=\"hidden\" name=\"referer_title\" value=\"\" \/>\n\n\t\t\t\n\t\t\t<div class=\"elementor-form-fields-wrapper elementor-labels-\">\n\t\t\t\t\t\t\t\t<div class=\"elementor-field-type-text elementor-field-group elementor-column elementor-field-group-name elementor-col-50\">\n\t\t\t\t\t\t\t\t\t\t\t\t<label for=\"form-field-name\" class=\"elementor-field-label elementor-screen-only\">\n\t\t\t\t\t\t\t\tNombre\t\t\t\t\t\t\t<\/label>\n\t\t\t\t\t\t\t\t\t\t\t\t\t\t<input size=\"1\" type=\"text\" name=\"form_fields[name]\" id=\"form-field-name\" class=\"elementor-field elementor-size-lg  elementor-field-textual\" placeholder=\"Nombre *\">\n\t\t\t\t\t\t\t\t\t\t\t<\/div>\n\t\t\t\t\t\t\t\t<div class=\"elementor-field-type-text elementor-field-group elementor-column elementor-field-group-surname elementor-col-50\">\n\t\t\t\t\t\t\t\t\t\t\t\t<label for=\"form-field-surname\" class=\"elementor-field-label elementor-screen-only\">\n\t\t\t\t\t\t\t\tApellido\t\t\t\t\t\t\t<\/label>\n\t\t\t\t\t\t\t\t\t\t\t\t\t\t<input size=\"1\" type=\"text\" name=\"form_fields[surname]\" id=\"form-field-surname\" class=\"elementor-field elementor-size-lg  elementor-field-textual\" placeholder=\"Apellido *\">\n\t\t\t\t\t\t\t\t\t\t\t<\/div>\n\t\t\t\t\t\t\t\t<div class=\"elementor-field-type-tel elementor-field-group elementor-column elementor-field-group-phone elementor-col-50\">\n\t\t\t\t\t\t\t\t\t\t\t\t<label for=\"form-field-phone\" class=\"elementor-field-label elementor-screen-only\">\n\t\t\t\t\t\t\t\tTel\u00e9fono\t\t\t\t\t\t\t<\/label>\n\t\t\t\t\t\t\t\t<input size=\"1\" type=\"tel\" name=\"form_fields[phone]\" id=\"form-field-phone\" class=\"elementor-field elementor-size-lg  elementor-field-textual\" placeholder=\"Tel\u00e9fono\" pattern=\"[0-9()#&amp;+*-=.]+\" title=\"Only numbers and phone characters (#, -, *, etc) are accepted.\">\n\n\t\t\t\t\t\t<\/div>\n\t\t\t\t\t\t\t\t<div class=\"elementor-field-type-email elementor-field-group elementor-column elementor-field-group-email elementor-col-50 elementor-field-required\">\n\t\t\t\t\t\t\t\t\t\t\t\t<label for=\"form-field-email\" class=\"elementor-field-label elementor-screen-only\">\n\t\t\t\t\t\t\t\tEmail\t\t\t\t\t\t\t<\/label>\n\t\t\t\t\t\t\t\t\t\t\t\t\t\t<input size=\"1\" type=\"email\" name=\"form_fields[email]\" id=\"form-field-email\" class=\"elementor-field elementor-size-lg  elementor-field-textual\" placeholder=\"Mail *\" required=\"required\">\n\t\t\t\t\t\t\t\t\t\t\t<\/div>\n\t\t\t\t\t\t\t\t<div class=\"elementor-field-type-textarea elementor-field-group elementor-column elementor-field-group-message elementor-col-100\">\n\t\t\t\t\t\t\t\t\t\t\t\t<label for=\"form-field-message\" class=\"elementor-field-label elementor-screen-only\">\n\t\t\t\t\t\t\t\tMensaje\t\t\t\t\t\t\t<\/label>\n\t\t\t\t\t\t<textarea class=\"elementor-field-textual elementor-field  elementor-size-lg\" name=\"form_fields[message]\" id=\"form-field-message\" rows=\"5\" placeholder=\"Mensaje *\"><\/textarea>\t\t\t\t<\/div>\n\t\t\t\t\t\t\t\t<div class=\"elementor-field-type-recaptcha_v3 elementor-field-group elementor-column elementor-field-group-field_c7ec3cd elementor-col-100 recaptcha_v3-bottomright\">\n\t\t\t\t\t<div class=\"elementor-field\" id=\"form-field-field_c7ec3cd\"><div class=\"elementor-g-recaptcha\" data-sitekey=\"6Lewbn4sAAAAAGqdJ96vzqb_3SzLfTUaFlRPL6ws\" data-type=\"v3\" data-action=\"Form\" data-badge=\"bottomright\" data-size=\"invisible\"><\/div><\/div>\t\t\t\t<\/div>\n\t\t\t\t\t\t\t\t<div class=\"elementor-field-type-acceptance elementor-field-group elementor-column elementor-field-group-privacy_accept elementor-col-100\">\n\t\t\t\t\t\t\t\t\t\t\t\t<label for=\"form-field-privacy_accept\" class=\"elementor-field-label elementor-screen-only\">\n\t\t\t\t\t\t\t\tPrivacidad\t\t\t\t\t\t\t<\/label>\n\t\t\t\t\t\t\t\t<div class=\"elementor-field-subgroup\">\n\t\t\t<span class=\"elementor-field-option\">\n\t\t\t\t<input type=\"checkbox\" name=\"form_fields[privacy_accept]\" id=\"form-field-privacy_accept\" class=\"elementor-field elementor-size-lg  elementor-acceptance-field\">\n\t\t\t\t<label for=\"form-field-privacy_accept\">He le\u00eddo y acepto la <a href=\"#privacy-accept\" class=\"privacy-popup\">Privacy Policy<\/a> *<\/label>\t\t\t<\/span>\n\t\t<\/div>\n\t\t\t\t\t\t<\/div>\n\t\t\t\t\t\t\t\t<div class=\"elementor-field-group elementor-column elementor-field-type-submit elementor-col-100 e-form__buttons\">\n\t\t\t\t\t<button class=\"elementor-button elementor-size-sm\" type=\"submit\">\n\t\t\t\t\t\t<span class=\"elementor-button-content-wrapper\">\n\t\t\t\t\t\t\t\t\t\t\t\t\t\t\t\t\t\t\t\t\t\t<span class=\"elementor-button-text\">Enviar<\/span>\n\t\t\t\t\t\t\t\t\t\t\t\t\t<\/span>\n\t\t\t\t\t<\/button>\n\t\t\t\t<\/div>\n\t\t\t<\/div>\n\t\t<\/form>\n\t\t\t\t\t\t<\/div>\n\t\t\t\t\t<\/div>\n\t\t\t\t<\/div>\n\t\t\t\t<\/div>\n\t\t","protected":false},"excerpt":{"rendered":"<p>Producci\u00f3n de badanas personalizadas para cada necesidad Cada marca tiene su propia identidad, cada ciclista su propia forma de montar. Nuestro servicio personalizado nace para dar forma a ambos: badanas t\u00e9cnicas a medida, dise\u00f1adas junto con nuestros clientes, probadas en el campo y listas para marcar la diferencia. Tanto si quieres lanzar una nueva l\u00ednea [&hellip;]<\/p>\n","protected":false},"author":25,"featured_media":0,"parent":0,"menu_order":0,"comment_status":"closed","ping_status":"closed","template":"","meta":{"_acf_changed":false,"footnotes":""},"class_list":["post-4576","page","type-page","status-publish","hentry"],"acf":[],"_links":{"self":[{"href":"https:\/\/dolomiti-pads.com\/es\/wp-json\/wp\/v2\/pages\/4576","targetHints":{"allow":["GET"]}}],"collection":[{"href":"https:\/\/dolomiti-pads.com\/es\/wp-json\/wp\/v2\/pages"}],"about":[{"href":"https:\/\/dolomiti-pads.com\/es\/wp-json\/wp\/v2\/types\/page"}],"author":[{"embeddable":true,"href":"https:\/\/dolomiti-pads.com\/es\/wp-json\/wp\/v2\/users\/25"}],"replies":[{"embeddable":true,"href":"https:\/\/dolomiti-pads.com\/es\/wp-json\/wp\/v2\/comments?post=4576"}],"version-history":[{"count":9,"href":"https:\/\/dolomiti-pads.com\/es\/wp-json\/wp\/v2\/pages\/4576\/revisions"}],"predecessor-version":[{"id":9806,"href":"https:\/\/dolomiti-pads.com\/es\/wp-json\/wp\/v2\/pages\/4576\/revisions\/9806"}],"wp:attachment":[{"href":"https:\/\/dolomiti-pads.com\/es\/wp-json\/wp\/v2\/media?parent=4576"}],"curies":[{"name":"wp","href":"https:\/\/api.w.org\/{rel}","templated":true}]}}