{"id":4547,"date":"2025-09-30T17:03:02","date_gmt":"2025-09-30T15:03:02","guid":{"rendered":"https:\/\/dolomiti-pads.com\/tecnologias\/"},"modified":"2026-02-24T14:51:18","modified_gmt":"2026-02-24T13:51:18","slug":"tecnologias","status":"publish","type":"page","link":"https:\/\/dolomiti-pads.com\/es\/tecnologias\/","title":{"rendered":"Tecnolog\u00edas"},"content":{"rendered":"\t\t<div data-elementor-type=\"wp-page\" data-elementor-id=\"4547\" class=\"elementor elementor-4547 elementor-943\" data-elementor-post-type=\"page\">\n\t\t\t\t<div class=\"elementor-element elementor-element-b61f446 cp-both e-flex e-con-boxed e-con e-parent\" data-id=\"b61f446\" data-element_type=\"container\" data-settings=\"{&quot;background_background&quot;:&quot;classic&quot;}\">\n\t\t\t\t\t<div class=\"e-con-inner\">\n\t\t\t\t<div class=\"elementor-element elementor-element-6b27578 breadcrumb-green elementor-widget elementor-widget-heading\" data-id=\"6b27578\" data-element_type=\"widget\" data-widget_type=\"heading.default\">\n\t\t\t\t\t<div class=\"elementor-heading-title elementor-size-default\"><nav aria-label=\"breadcrumbs\" class=\"rank-math-breadcrumb\"><p><span class=\"last\">Home<\/span><\/p><\/nav><\/div>\t\t\t\t<\/div>\n\t\t\t\t<div class=\"elementor-element elementor-element-cea2162 elementor-widget elementor-widget-heading\" data-id=\"cea2162\" data-element_type=\"widget\" data-widget_type=\"heading.default\">\n\t\t\t\t\t<h1 class=\"elementor-heading-title elementor-size-default\">Materiales t\u00e9cnicos, dise\u00f1ados para impulsarte m\u00e1s lejos<\/h1>\t\t\t\t<\/div>\n\t\t\t\t\t<\/div>\n\t\t\t\t<\/div>\n\t\t<div class=\"elementor-element elementor-element-edd0c1e e-con-full cp-both e-flex e-con e-parent\" data-id=\"edd0c1e\" data-element_type=\"container\">\n\t\t\t\t<div class=\"elementor-element elementor-element-16b7c05 elementor-absolute shape-divider elementor-view-default elementor-widget elementor-widget-icon\" data-id=\"16b7c05\" data-element_type=\"widget\" data-settings=\"{&quot;_position&quot;:&quot;absolute&quot;}\" data-widget_type=\"icon.default\">\n\t\t\t\t\t\t\t<div class=\"elementor-icon-wrapper\">\n\t\t\t<div class=\"elementor-icon\">\n\t\t\t<svg xmlns=\"http:\/\/www.w3.org\/2000\/svg\" id=\"a\" viewBox=\"0 0 1917 154.97\"><path d=\"M0,95.04C118.39,49.76,246.81,22.44,372.86,11.99c134.61-11.16,275.81-1.74,408.56,22.89,72.83,13.51,142.8,38.93,214.54,56.92,154.23,38.68,312.77,67.3,472.37,62.69,242.67-7,350.67-24.78,448.67-54.11V0H0v95.04\"><\/path><\/svg>\t\t\t<\/div>\n\t\t<\/div>\n\t\t\t\t\t\t<\/div>\n\t\t<div class=\"elementor-element elementor-element-d871024 e-flex e-con-boxed e-con e-child\" data-id=\"d871024\" data-element_type=\"container\">\n\t\t\t\t\t<div class=\"e-con-inner\">\n\t\t<div class=\"elementor-element elementor-element-19e13da e-con-full e-flex e-con e-child\" data-id=\"19e13da\" data-element_type=\"container\">\n\t\t\t\t<div class=\"elementor-element elementor-element-1a8897b elementor-widget elementor-widget-heading\" data-id=\"1a8897b\" data-element_type=\"widget\" data-widget_type=\"heading.default\">\n\t\t\t\t\t<h2 class=\"elementor-heading-title elementor-size-default\">El primer impulso hacia la cima: el material<\/h2>\t\t\t\t<\/div>\n\t\t\t\t<\/div>\n\t\t<div class=\"elementor-element elementor-element-d04883a e-con-full e-flex e-con e-child\" data-id=\"d04883a\" data-element_type=\"container\">\n\t\t\t\t<div class=\"elementor-element elementor-element-9787d0b elementor-widget elementor-widget-text-editor\" data-id=\"9787d0b\" data-element_type=\"widget\" data-widget_type=\"text-editor.default\">\n\t\t\t\t\t\t\t\t\t<p>Para nosotros, el material es m\u00e1s que un simple componente: es el primer elemento que determina la comodidad, el rendimiento y la duraci\u00f3n de una badana.<\/p><p>Cada espuma, cada tejido y cada capa que seleccionamos tiene una funci\u00f3n precisa. Y cada uno de estos contribuye al resultado final: una experiencia sobre el sill\u00edn que te permite superar cualquier l\u00edmite. <\/p>\t\t\t\t\t\t\t\t<\/div>\n\t\t\t\t<\/div>\n\t\t\t\t\t<\/div>\n\t\t\t\t<\/div>\n\t\t\t\t<\/div>\n\t\t<div class=\"elementor-element elementor-element-08f2749 cp-both e-flex e-con-boxed e-con e-parent\" data-id=\"08f2749\" data-element_type=\"container\" data-settings=\"{&quot;background_background&quot;:&quot;classic&quot;}\">\n\t\t\t\t\t<div class=\"e-con-inner\">\n\t\t\t\t<div class=\"elementor-element elementor-element-38cd37c e-n-tabs-mobile elementor-widget elementor-widget-n-tabs\" data-id=\"38cd37c\" data-element_type=\"widget\" data-settings=\"{&quot;horizontal_scroll&quot;:&quot;disable&quot;}\" data-widget_type=\"nested-tabs.default\">\n\t\t\t\t\t\t\t<div class=\"e-n-tabs\" data-widget-number=\"59560828\" aria-label=\"Pesta\u00f1as. Abre elementos con Intro o Espacio, ci\u00e9rralos con Escape y navega con las fechas.\">\n\t\t\t<div class=\"e-n-tabs-heading\" role=\"tablist\">\n\t\t\t\t\t<button id=\"e-n-tab-title-595608281\" data-tab-title-id=\"e-n-tab-title-595608281\" class=\"e-n-tab-title\" aria-selected=\"true\" data-tab-index=\"1\" role=\"tab\" tabindex=\"0\" aria-controls=\"e-n-tab-content-595608281\" style=\"--n-tabs-title-order: 1;\">\n\t\t\t\t\t\t<span class=\"e-n-tab-title-text\">\n\t\t\t\tBadanas cosidas\t\t\t<\/span>\n\t\t<\/button>\n\t\t\t\t<button id=\"e-n-tab-title-595608282\" data-tab-title-id=\"e-n-tab-title-595608282\" class=\"e-n-tab-title\" aria-selected=\"false\" data-tab-index=\"2\" role=\"tab\" tabindex=\"-1\" aria-controls=\"e-n-tab-content-595608282\" style=\"--n-tabs-title-order: 2;\">\n\t\t\t\t\t\t<span class=\"e-n-tab-title-text\">\n\t\t\t\tBadanas rebajadas\t\t\t<\/span>\n\t\t<\/button>\n\t\t\t\t<button id=\"e-n-tab-title-595608283\" data-tab-title-id=\"e-n-tab-title-595608283\" class=\"e-n-tab-title\" aria-selected=\"false\" data-tab-index=\"3\" role=\"tab\" tabindex=\"-1\" aria-controls=\"e-n-tab-content-595608283\" style=\"--n-tabs-title-order: 3;\">\n\t\t\t\t\t\t<span class=\"e-n-tab-title-text\">\n\t\t\t\tBadanas termoformadas\t\t\t<\/span>\n\t\t<\/button>\n\t\t\t\t\t<\/div>\n\t\t\t<div class=\"e-n-tabs-content\">\n\t\t\t\t<div id=\"e-n-tab-content-595608281\" role=\"tabpanel\" aria-labelledby=\"e-n-tab-title-595608281\" data-tab-index=\"1\" style=\"--n-tabs-title-order: 1;\" class=\"e-active elementor-element elementor-element-9b952cf e-con-full e-flex e-con e-child\" data-id=\"9b952cf\" data-element_type=\"container\">\n\t\t<div class=\"elementor-element elementor-element-3cc6503 e-con-full e-flex e-con e-child\" data-id=\"3cc6503\" data-element_type=\"container\">\n\t\t\t\t<div class=\"elementor-element elementor-element-c65a70a elementor-widget elementor-widget-image\" data-id=\"c65a70a\" data-element_type=\"widget\" data-widget_type=\"image.default\">\n\t\t\t\t\t\t\t\t\t\t\t\t\t\t\t<img fetchpriority=\"high\" decoding=\"async\" width=\"800\" height=\"713\" src=\"https:\/\/dolomiti-pads.com\/wp-content\/uploads\/2025\/12\/CUCITO-TONALE-FUTURE-ONDA-FRONT.webp\" class=\"attachment-large size-large wp-image-4549\" alt=\"\" srcset=\"https:\/\/dolomiti-pads.com\/wp-content\/uploads\/2025\/12\/CUCITO-TONALE-FUTURE-ONDA-FRONT.webp 1000w, https:\/\/dolomiti-pads.com\/wp-content\/uploads\/2025\/12\/CUCITO-TONALE-FUTURE-ONDA-FRONT-300x267.webp 300w, https:\/\/dolomiti-pads.com\/wp-content\/uploads\/2025\/12\/CUCITO-TONALE-FUTURE-ONDA-FRONT-768x684.webp 768w\" sizes=\"(max-width: 800px) 100vw, 800px\" \/>\t\t\t\t\t\t\t\t\t\t\t\t\t\t\t<\/div>\n\t\t\t\t<\/div>\n\t\t<div class=\"elementor-element elementor-element-6d87e8a e-con-full e-flex e-con e-child\" data-id=\"6d87e8a\" data-element_type=\"container\">\n\t\t\t\t<div class=\"elementor-element elementor-element-e8663fb elementor-widget elementor-widget-heading\" data-id=\"e8663fb\" data-element_type=\"widget\" data-widget_type=\"heading.default\">\n\t\t\t\t\t<h2 class=\"elementor-heading-title elementor-size-default\">Badanas cosidas<\/h2>\t\t\t\t<\/div>\n\t\t\t\t<div class=\"elementor-element elementor-element-fd25679 elementor-widget elementor-widget-text-editor\" data-id=\"fd25679\" data-element_type=\"widget\" data-widget_type=\"text-editor.default\">\n\t\t\t\t\t\t\t\t\t<div><p><i><b>\u00a1La costura: un gran cl\u00e1sico que perdura en el tiempo!<\/b><\/i><\/p><\/div>\t\t\t\t\t\t\t\t<\/div>\n\t\t\t\t<div class=\"elementor-element elementor-element-4551051 elementor-widget__width-inherit elementor-widget elementor-widget-n-accordion\" data-id=\"4551051\" data-element_type=\"widget\" data-settings=\"{&quot;default_state&quot;:&quot;all_collapsed&quot;,&quot;max_items_expended&quot;:&quot;one&quot;,&quot;n_accordion_animation_duration&quot;:{&quot;unit&quot;:&quot;ms&quot;,&quot;size&quot;:400,&quot;sizes&quot;:[]}}\" data-widget_type=\"nested-accordion.default\">\n\t\t\t\t\t\t\t<div class=\"e-n-accordion\" aria-label=\"Accordion. Open links with Enter or Space, close with Escape, and navigate with Arrow Keys\">\n\t\t\t\t\t\t<details id=\"e-n-accordion-item-7260\" class=\"e-n-accordion-item\" >\n\t\t\t\t<summary class=\"e-n-accordion-item-title\" data-accordion-index=\"1\" tabindex=\"0\" aria-expanded=\"false\" aria-controls=\"e-n-accordion-item-7260\" >\n\t\t\t\t\t<span class='e-n-accordion-item-title-header'><div class=\"e-n-accordion-item-title-text\"> \u00bfC\u00f3mo las hacemos? <\/div><\/span>\n\t\t\t\t\t\t\t<span class='e-n-accordion-item-title-icon'>\n\t\t\t<span class='e-opened' ><svg xmlns=\"http:\/\/www.w3.org\/2000\/svg\" id=\"a\" viewBox=\"0 0 42 42\"><polygon points=\"22 20 12 20 12 22 22 22 24.53 22 30 22 30 20 24.53 20 22 20\"><\/polygon><path d=\"M21,0C9.42,0,0,9.42,0,21s9.42,21,21,21,21-9.42,21-21S32.58,0,21,0ZM21,40c-10.48,0-19-8.52-19-19S10.52,2,21,2s19,8.52,19,19-8.52,19-19,19Z\"><\/path><\/svg><\/span>\n\t\t\t<span class='e-closed'><svg xmlns=\"http:\/\/www.w3.org\/2000\/svg\" id=\"uuid-a84f7999-9290-4a84-a734-4f1671413937\" viewBox=\"0 0 42 42\"><polygon points=\"22 12 20 12 20 20 12 20 12 22 20 22 20 30 22 30 22 22 30 22 30 20 22 20 22 12\"><\/polygon><path d=\"M21,0C9.4,0,0,9.4,0,21s9.4,21,21,21,21-9.4,21-21S32.6,0,21,0ZM21,40c-10.5,0-19-8.5-19-19S10.5,2,21,2s19,8.5,19,19-8.5,19-19,19Z\"><\/path><\/svg><\/span>\n\t\t<\/span>\n\n\t\t\t\t\t\t<\/summary>\n\t\t\t\t<div role=\"region\" aria-labelledby=\"e-n-accordion-item-7260\" class=\"elementor-element elementor-element-b278425 e-con-full e-flex e-con e-child\" data-id=\"b278425\" data-element_type=\"container\">\n\t\t\t\t<div class=\"elementor-element elementor-element-25e777a elementor-widget elementor-widget-text-editor\" data-id=\"25e777a\" data-element_type=\"widget\" data-widget_type=\"text-editor.default\">\n\t\t\t\t\t\t\t\t\t<p>La t\u00e9cnica de la costura de la badana es el conjunto de procesos utilizados para ensamblar el acolchado con la capa de tejido acoplado. Gracias a la costura, podemos combinar densidades diferenciadas, refuerzos espec\u00edficos y formas anat\u00f3micas personalizadas, siguiendo con cuidado las curvas del cuerpo. Es una t\u00e9cnica extremadamente vers\u00e1til, que nos permite adaptar la badana al tipo de uso, a la complexi\u00f3n y al nivel de experiencia del ciclista.   Por ejemplo, cuando se quiere privilegiar la frescura de la badana, a trav\u00e9s de la costura en puntos individuales, en lugar de integral, del acolchado en el interior de la badana, se puede obtener un producto extremadamente transpirable.<\/p><p>La costura representa la tecnolog\u00eda m\u00e1s cl\u00e1sica de nuestra producci\u00f3n que, a pesar de la evoluci\u00f3n de las tecnolog\u00edas m\u00e1s recientes, sigue siendo apreciada gracias a la extrema posibilidad de personalizaci\u00f3n y a la posibilidad de trabajar en la fase de ensamblaje sin el uso de adhesivos.<\/p>\t\t\t\t\t\t\t\t<\/div>\n\t\t\t\t<\/div>\n\t\t\t\t\t<\/details>\n\t\t\t\t\t<\/div>\n\t\t\t\t\t\t<\/div>\n\t\t\t\t<\/div>\n\t\t\t\t<\/div>\n\t\t<div id=\"e-n-tab-content-595608282\" role=\"tabpanel\" aria-labelledby=\"e-n-tab-title-595608282\" data-tab-index=\"2\" style=\"--n-tabs-title-order: 2;\" class=\" elementor-element elementor-element-89fa72e e-con-full e-flex e-con e-child\" data-id=\"89fa72e\" data-element_type=\"container\">\n\t\t<div class=\"elementor-element elementor-element-bb2870f e-con-full e-flex e-con e-child\" data-id=\"bb2870f\" data-element_type=\"container\">\n\t\t\t\t<div class=\"elementor-element elementor-element-7cd5ba9 elementor-widget elementor-widget-image\" data-id=\"7cd5ba9\" data-element_type=\"widget\" data-widget_type=\"image.default\">\n\t\t\t\t\t\t\t\t\t\t\t\t\t\t\t<img decoding=\"async\" width=\"800\" height=\"713\" src=\"https:\/\/dolomiti-pads.com\/wp-content\/uploads\/2025\/12\/SCARNITO-BORMIO-UOMO-ONDA-FRONT.webp\" class=\"attachment-large size-large wp-image-4551\" alt=\"\" srcset=\"https:\/\/dolomiti-pads.com\/wp-content\/uploads\/2025\/12\/SCARNITO-BORMIO-UOMO-ONDA-FRONT.webp 1000w, https:\/\/dolomiti-pads.com\/wp-content\/uploads\/2025\/12\/SCARNITO-BORMIO-UOMO-ONDA-FRONT-300x267.webp 300w, https:\/\/dolomiti-pads.com\/wp-content\/uploads\/2025\/12\/SCARNITO-BORMIO-UOMO-ONDA-FRONT-768x684.webp 768w\" sizes=\"(max-width: 800px) 100vw, 800px\" \/>\t\t\t\t\t\t\t\t\t\t\t\t\t\t\t<\/div>\n\t\t\t\t<\/div>\n\t\t<div class=\"elementor-element elementor-element-3ac401f e-con-full e-flex e-con e-child\" data-id=\"3ac401f\" data-element_type=\"container\">\n\t\t\t\t<div class=\"elementor-element elementor-element-b24889e elementor-widget elementor-widget-heading\" data-id=\"b24889e\" data-element_type=\"widget\" data-widget_type=\"heading.default\">\n\t\t\t\t\t<h2 class=\"elementor-heading-title elementor-size-default\">Badanas rebajadas<\/h2>\t\t\t\t<\/div>\n\t\t\t\t<div class=\"elementor-element elementor-element-d0f37ab elementor-widget elementor-widget-text-editor\" data-id=\"d0f37ab\" data-element_type=\"widget\" data-widget_type=\"text-editor.default\">\n\t\t\t\t\t\t\t\t\t<div><p>Rebaje, \u00a1tecnolog\u00eda de precisi\u00f3n para confort y rendimiento!<\/p><\/div>\t\t\t\t\t\t\t\t<\/div>\n\t\t\t\t<div class=\"elementor-element elementor-element-4351c64 elementor-widget__width-inherit elementor-widget elementor-widget-n-accordion\" data-id=\"4351c64\" data-element_type=\"widget\" data-settings=\"{&quot;default_state&quot;:&quot;all_collapsed&quot;,&quot;max_items_expended&quot;:&quot;one&quot;,&quot;n_accordion_animation_duration&quot;:{&quot;unit&quot;:&quot;ms&quot;,&quot;size&quot;:400,&quot;sizes&quot;:[]}}\" data-widget_type=\"nested-accordion.default\">\n\t\t\t\t\t\t\t<div class=\"e-n-accordion\" aria-label=\"Accordion. Open links with Enter or Space, close with Escape, and navigate with Arrow Keys\">\n\t\t\t\t\t\t<details id=\"e-n-accordion-item-7050\" class=\"e-n-accordion-item\" >\n\t\t\t\t<summary class=\"e-n-accordion-item-title\" data-accordion-index=\"1\" tabindex=\"0\" aria-expanded=\"false\" aria-controls=\"e-n-accordion-item-7050\" >\n\t\t\t\t\t<span class='e-n-accordion-item-title-header'><div class=\"e-n-accordion-item-title-text\"> \u00bfC\u00f3mo las hacemos? <\/div><\/span>\n\t\t\t\t\t\t\t<span class='e-n-accordion-item-title-icon'>\n\t\t\t<span class='e-opened' ><svg xmlns=\"http:\/\/www.w3.org\/2000\/svg\" id=\"a\" viewBox=\"0 0 42 42\"><polygon points=\"22 20 12 20 12 22 22 22 24.53 22 30 22 30 20 24.53 20 22 20\"><\/polygon><path d=\"M21,0C9.42,0,0,9.42,0,21s9.42,21,21,21,21-9.42,21-21S32.58,0,21,0ZM21,40c-10.48,0-19-8.52-19-19S10.52,2,21,2s19,8.52,19,19-8.52,19-19,19Z\"><\/path><\/svg><\/span>\n\t\t\t<span class='e-closed'><svg xmlns=\"http:\/\/www.w3.org\/2000\/svg\" id=\"uuid-a84f7999-9290-4a84-a734-4f1671413937\" viewBox=\"0 0 42 42\"><polygon points=\"22 12 20 12 20 20 12 20 12 22 20 22 20 30 22 30 22 22 30 22 30 20 22 20 22 12\"><\/polygon><path d=\"M21,0C9.4,0,0,9.4,0,21s9.4,21,21,21,21-9.4,21-21S32.6,0,21,0ZM21,40c-10.5,0-19-8.5-19-19S10.5,2,21,2s19,8.5,19,19-8.5,19-19,19Z\"><\/path><\/svg><\/span>\n\t\t<\/span>\n\n\t\t\t\t\t\t<\/summary>\n\t\t\t\t<div role=\"region\" aria-labelledby=\"e-n-accordion-item-7050\" class=\"elementor-element elementor-element-632bb3e e-con-full e-flex e-con e-child\" data-id=\"632bb3e\" data-element_type=\"container\">\n\t\t\t\t<div class=\"elementor-element elementor-element-6ac8b09 elementor-widget elementor-widget-text-editor\" data-id=\"6ac8b09\" data-element_type=\"widget\" data-widget_type=\"text-editor.default\">\n\t\t\t\t\t\t\t\t\t<p>El rebaje es una tecnolog\u00eda a trav\u00e9s de la cual capas de espuma de poliuretano de densidad diferenciada se moldean sin encolados, costuras y eliminando las partes superfluas.<\/p><p>El resultado es una superficie suave, sin bordes r\u00edgidos, el\u00e1stica y seca. Gracias al rebaje realizamos badanas m\u00e1s ligeras y transpirables respecto a los modelos tradicionales, as\u00ed como altamente personalizables gracias a la posibilidad de combinar espesores y densidades diferentes teniendo en cuenta las espec\u00edficas exigencias del ciclista en una \u00fanica silueta ergon\u00f3mica. Algunas de las badanas m\u00e1s ic\u00f3nicas de Dolomiti Pads est\u00e1n realizadas con la t\u00e9cnica del rebaje.  <\/p><p>Rebaje de alta precisi\u00f3n: badanas de una sola pieza, con gradiente de densidad y microventilaci\u00f3n integrada. M\u00e1s ligeras, m\u00e1s secas, perfectas en movimiento. <\/p>\t\t\t\t\t\t\t\t<\/div>\n\t\t\t\t<\/div>\n\t\t\t\t\t<\/details>\n\t\t\t\t\t<\/div>\n\t\t\t\t\t\t<\/div>\n\t\t\t\t<\/div>\n\t\t\t\t<\/div>\n\t\t<div id=\"e-n-tab-content-595608283\" role=\"tabpanel\" aria-labelledby=\"e-n-tab-title-595608283\" data-tab-index=\"3\" style=\"--n-tabs-title-order: 3;\" class=\" elementor-element elementor-element-7c8bd00 e-con-full e-flex e-con e-child\" data-id=\"7c8bd00\" data-element_type=\"container\">\n\t\t<div class=\"elementor-element elementor-element-8d86b49 e-con-full e-flex e-con e-child\" data-id=\"8d86b49\" data-element_type=\"container\">\n\t\t\t\t<div class=\"elementor-element elementor-element-c259ca6 elementor-widget elementor-widget-image\" data-id=\"c259ca6\" data-element_type=\"widget\" data-widget_type=\"image.default\">\n\t\t\t\t\t\t\t\t\t\t\t\t\t\t\t<img decoding=\"async\" width=\"800\" height=\"713\" src=\"https:\/\/dolomiti-pads.com\/wp-content\/uploads\/2025\/12\/TERMOFORMATO-LAGORAI-UOMO-ONDA.webp\" class=\"attachment-large size-large wp-image-4552\" alt=\"\" srcset=\"https:\/\/dolomiti-pads.com\/wp-content\/uploads\/2025\/12\/TERMOFORMATO-LAGORAI-UOMO-ONDA.webp 1000w, https:\/\/dolomiti-pads.com\/wp-content\/uploads\/2025\/12\/TERMOFORMATO-LAGORAI-UOMO-ONDA-300x267.webp 300w, https:\/\/dolomiti-pads.com\/wp-content\/uploads\/2025\/12\/TERMOFORMATO-LAGORAI-UOMO-ONDA-768x684.webp 768w\" sizes=\"(max-width: 800px) 100vw, 800px\" \/>\t\t\t\t\t\t\t\t\t\t\t\t\t\t\t<\/div>\n\t\t\t\t<\/div>\n\t\t<div class=\"elementor-element elementor-element-5467683 e-con-full e-flex e-con e-child\" data-id=\"5467683\" data-element_type=\"container\">\n\t\t\t\t<div class=\"elementor-element elementor-element-68a1f5f elementor-widget elementor-widget-heading\" data-id=\"68a1f5f\" data-element_type=\"widget\" data-widget_type=\"heading.default\">\n\t\t\t\t\t<h2 class=\"elementor-heading-title elementor-size-default\">Badanas termoformadas<\/h2>\t\t\t\t<\/div>\n\t\t\t\t<div class=\"elementor-element elementor-element-00943c7 elementor-widget elementor-widget-text-editor\" data-id=\"00943c7\" data-element_type=\"widget\" data-widget_type=\"text-editor.default\">\n\t\t\t\t\t\t\t\t\t<p>Tecnolog\u00eda invisible. <br>Resultado evidente.<\/p>\t\t\t\t\t\t\t\t<\/div>\n\t\t\t\t<div class=\"elementor-element elementor-element-3e8b3ea elementor-widget__width-inherit elementor-widget elementor-widget-n-accordion\" data-id=\"3e8b3ea\" data-element_type=\"widget\" data-settings=\"{&quot;default_state&quot;:&quot;all_collapsed&quot;,&quot;max_items_expended&quot;:&quot;one&quot;,&quot;n_accordion_animation_duration&quot;:{&quot;unit&quot;:&quot;ms&quot;,&quot;size&quot;:400,&quot;sizes&quot;:[]}}\" data-widget_type=\"nested-accordion.default\">\n\t\t\t\t\t\t\t<div class=\"e-n-accordion\" aria-label=\"Accordion. Open links with Enter or Space, close with Escape, and navigate with Arrow Keys\">\n\t\t\t\t\t\t<details id=\"e-n-accordion-item-6550\" class=\"e-n-accordion-item\" >\n\t\t\t\t<summary class=\"e-n-accordion-item-title\" data-accordion-index=\"1\" tabindex=\"0\" aria-expanded=\"false\" aria-controls=\"e-n-accordion-item-6550\" >\n\t\t\t\t\t<span class='e-n-accordion-item-title-header'><div class=\"e-n-accordion-item-title-text\"> \u00bfC\u00f3mo las hacemos? <\/div><\/span>\n\t\t\t\t\t\t\t<span class='e-n-accordion-item-title-icon'>\n\t\t\t<span class='e-opened' ><svg xmlns=\"http:\/\/www.w3.org\/2000\/svg\" id=\"a\" viewBox=\"0 0 42 42\"><polygon points=\"22 20 12 20 12 22 22 22 24.53 22 30 22 30 20 24.53 20 22 20\"><\/polygon><path d=\"M21,0C9.42,0,0,9.42,0,21s9.42,21,21,21,21-9.42,21-21S32.58,0,21,0ZM21,40c-10.48,0-19-8.52-19-19S10.52,2,21,2s19,8.52,19,19-8.52,19-19,19Z\"><\/path><\/svg><\/span>\n\t\t\t<span class='e-closed'><svg xmlns=\"http:\/\/www.w3.org\/2000\/svg\" id=\"uuid-a84f7999-9290-4a84-a734-4f1671413937\" viewBox=\"0 0 42 42\"><polygon points=\"22 12 20 12 20 20 12 20 12 22 20 22 20 30 22 30 22 22 30 22 30 20 22 20 22 12\"><\/polygon><path d=\"M21,0C9.4,0,0,9.4,0,21s9.4,21,21,21,21-9.4,21-21S32.6,0,21,0ZM21,40c-10.5,0-19-8.5-19-19S10.5,2,21,2s19,8.5,19,19-8.5,19-19,19Z\"><\/path><\/svg><\/span>\n\t\t<\/span>\n\n\t\t\t\t\t\t<\/summary>\n\t\t\t\t<div role=\"region\" aria-labelledby=\"e-n-accordion-item-6550\" class=\"elementor-element elementor-element-fc76f38 e-con-full e-flex e-con e-child\" data-id=\"fc76f38\" data-element_type=\"container\">\n\t\t\t\t<div class=\"elementor-element elementor-element-73b5056 elementor-widget elementor-widget-text-editor\" data-id=\"73b5056\" data-element_type=\"widget\" data-widget_type=\"text-editor.default\">\n\t\t\t\t\t\t\t\t\t<p>La termoformaci\u00f3n es la tecnolog\u00eda que nos permite crear badanas con una estructura completamente libre de costuras internas. A trav\u00e9s del calor y la presi\u00f3n, modelamos la espuma y los eventuales otros insertos de protecci\u00f3n (por ejemplo, S.A.T. o gel) para obtener una badana con vol\u00famenes definidos, densidades diferenciadas y una est\u00e9tica minimalista. El resultado es una badana que envuelve, protege y favorece el rendimiento sin estorbos. La termoformaci\u00f3n es ideal para la realizaci\u00f3n de badanas personalizadas con espec\u00edfica atenci\u00f3n a las capas de protecci\u00f3n.   <\/p>\t\t\t\t\t\t\t\t<\/div>\n\t\t\t\t<\/div>\n\t\t\t\t\t<\/details>\n\t\t\t\t\t<\/div>\n\t\t\t\t\t\t<\/div>\n\t\t\t\t<\/div>\n\t\t\t\t<\/div>\n\t\t\t\t\t<\/div>\n\t\t<\/div>\n\t\t\t\t\t\t<\/div>\n\t\t\t\t\t<\/div>\n\t\t\t\t<\/div>\n\t\t<div data-dce-background-image-url=\"https:\/\/dolomiti-pads.com\/wp-content\/uploads\/2025\/10\/Group-47-copia.webp\" class=\"elementor-element elementor-element-e2eb586 cp-both e-flex e-con-boxed e-con e-parent\" data-id=\"e2eb586\" data-element_type=\"container\" data-settings=\"{&quot;background_background&quot;:&quot;classic&quot;}\">\n\t\t\t\t\t<div class=\"e-con-inner\">\n\t\t\t\t<div class=\"elementor-element elementor-element-2419b5e elementor-invisible elementor-widget elementor-widget-heading\" data-id=\"2419b5e\" data-element_type=\"widget\" data-settings=\"{&quot;_animation&quot;:&quot;fadeIn&quot;}\" data-widget_type=\"heading.default\">\n\t\t\t\t\t<div class=\"elementor-heading-title elementor-size-default\">Cero compromisos. Solo el confort que necesitas, donde lo necesitas. <\/div>\t\t\t\t<\/div>\n\t\t\t\t<div class=\"elementor-element elementor-element-17e01a3 elementor-align-center elementor-widget elementor-widget-button\" data-id=\"17e01a3\" data-element_type=\"widget\" data-widget_type=\"button.default\">\n\t\t\t\t\t\t\t\t\t\t<a class=\"elementor-button elementor-button-link elementor-size-sm\" href=\"https:\/\/dolomiti-pads.com\/es\/personalizado\/\">\n\t\t\t\t\t\t<span class=\"elementor-button-content-wrapper\">\n\t\t\t\t\t\t\t\t\t<span class=\"elementor-button-text\">Personaliza tu badana<\/span>\n\t\t\t\t\t<\/span>\n\t\t\t\t\t<\/a>\n\t\t\t\t\t\t\t\t<\/div>\n\t\t\t\t\t<\/div>\n\t\t\t\t<\/div>\n\t\t\t\t<\/div>\n\t\t","protected":false},"excerpt":{"rendered":"<p>Materiales t\u00e9cnicos, dise\u00f1ados para impulsarte m\u00e1s lejos El primer impulso hacia la cima: el material Para nosotros, el material es m\u00e1s que un simple componente: es el primer elemento que determina la comodidad, el rendimiento y la duraci\u00f3n de una badana. Cada espuma, cada tejido y cada capa que seleccionamos tiene una funci\u00f3n precisa. Y [&hellip;]<\/p>\n","protected":false},"author":25,"featured_media":0,"parent":0,"menu_order":0,"comment_status":"closed","ping_status":"closed","template":"page-header-stacked.php","meta":{"_acf_changed":false,"footnotes":""},"class_list":["post-4547","page","type-page","status-publish","hentry"],"acf":[],"_links":{"self":[{"href":"https:\/\/dolomiti-pads.com\/es\/wp-json\/wp\/v2\/pages\/4547","targetHints":{"allow":["GET"]}}],"collection":[{"href":"https:\/\/dolomiti-pads.com\/es\/wp-json\/wp\/v2\/pages"}],"about":[{"href":"https:\/\/dolomiti-pads.com\/es\/wp-json\/wp\/v2\/types\/page"}],"author":[{"embeddable":true,"href":"https:\/\/dolomiti-pads.com\/es\/wp-json\/wp\/v2\/users\/25"}],"replies":[{"embeddable":true,"href":"https:\/\/dolomiti-pads.com\/es\/wp-json\/wp\/v2\/comments?post=4547"}],"version-history":[{"count":2,"href":"https:\/\/dolomiti-pads.com\/es\/wp-json\/wp\/v2\/pages\/4547\/revisions"}],"predecessor-version":[{"id":7519,"href":"https:\/\/dolomiti-pads.com\/es\/wp-json\/wp\/v2\/pages\/4547\/revisions\/7519"}],"wp:attachment":[{"href":"https:\/\/dolomiti-pads.com\/es\/wp-json\/wp\/v2\/media?parent=4547"}],"curies":[{"name":"wp","href":"https:\/\/api.w.org\/{rel}","templated":true}]}}