{"id":4546,"date":"2025-09-30T17:49:09","date_gmt":"2025-09-30T15:49:09","guid":{"rendered":"https:\/\/dolomiti-pads.com\/gel\/"},"modified":"2026-02-25T10:12:38","modified_gmt":"2026-02-25T09:12:38","slug":"gel","status":"publish","type":"page","link":"https:\/\/dolomiti-pads.com\/es\/materiales\/gel\/","title":{"rendered":"Gel"},"content":{"rendered":"\t\t<div data-elementor-type=\"wp-page\" data-elementor-id=\"4546\" class=\"elementor elementor-4546 elementor-967\" data-elementor-post-type=\"page\">\n\t\t\t\t<div class=\"elementor-element elementor-element-fed6c61 cp-both e-flex e-con-boxed e-con e-parent\" data-id=\"fed6c61\" data-element_type=\"container\" data-settings=\"{&quot;background_background&quot;:&quot;classic&quot;}\">\n\t\t\t\t\t<div class=\"e-con-inner\">\n\t\t<div class=\"elementor-element elementor-element-a819e96 e-con-full e-flex e-con e-child\" data-id=\"a819e96\" data-element_type=\"container\">\n\t\t\t\t<div class=\"elementor-element elementor-element-d0c356b elementor-widget elementor-widget-image\" data-id=\"d0c356b\" data-element_type=\"widget\" data-widget_type=\"image.default\">\n\t\t\t\t\t\t\t\t\t\t\t\t\t\t\t<img fetchpriority=\"high\" decoding=\"async\" width=\"800\" height=\"640\" src=\"https:\/\/dolomiti-pads.com\/wp-content\/uploads\/2025\/11\/gel-1024x819.webp\" class=\"attachment-large size-large wp-image-4550\" alt=\"\" srcset=\"https:\/\/dolomiti-pads.com\/wp-content\/uploads\/2025\/11\/gel-1024x819.webp 1024w, https:\/\/dolomiti-pads.com\/wp-content\/uploads\/2025\/11\/gel-300x240.webp 300w, https:\/\/dolomiti-pads.com\/wp-content\/uploads\/2025\/11\/gel-768x614.webp 768w, https:\/\/dolomiti-pads.com\/wp-content\/uploads\/2025\/11\/gel-1536x1229.webp 1536w, https:\/\/dolomiti-pads.com\/wp-content\/uploads\/2025\/11\/gel.webp 1600w\" sizes=\"(max-width: 800px) 100vw, 800px\" \/>\t\t\t\t\t\t\t\t\t\t\t\t\t\t\t<\/div>\n\t\t\t\t<\/div>\n\t\t<div class=\"elementor-element elementor-element-ec24f3b e-con-full e-flex e-con e-child\" data-id=\"ec24f3b\" data-element_type=\"container\">\n\t\t\t\t<div class=\"elementor-element elementor-element-9c6d3ac breadcrumb-green elementor-widget elementor-widget-heading\" data-id=\"9c6d3ac\" data-element_type=\"widget\" data-widget_type=\"heading.default\">\n\t\t\t\t\t<div class=\"elementor-heading-title elementor-size-default\"><nav aria-label=\"breadcrumbs\" class=\"rank-math-breadcrumb\"><p><span class=\"last\">Home<\/span><\/p><\/nav><\/div>\t\t\t\t<\/div>\n\t\t\t\t<div class=\"elementor-element elementor-element-3b0b964 elementor-widget elementor-widget-heading\" data-id=\"3b0b964\" data-element_type=\"widget\" data-widget_type=\"heading.default\">\n\t\t\t\t\t<h1 class=\"elementor-heading-title elementor-size-default\">Badanas para ciclismo en gel<\/h1>\t\t\t\t<\/div>\n\t\t\t\t<div class=\"elementor-element elementor-element-3a90ff6 elementor-widget elementor-widget-text-editor\" data-id=\"3a90ff6\" data-element_type=\"widget\" data-widget_type=\"text-editor.default\">\n\t\t\t\t\t\t\t\t\t<p>Nuestras badanas en gel son ideales para larga distancia, MTB y actividades de alta exigencia. Gracias al gel, nuestras badanas se pueden personalizar aplicando el inserto de gel en los puntos m\u00e1s delicados seg\u00fan las necesidades espec\u00edficas del ciclista, garantizando la m\u00e1xima absorci\u00f3n de los impactos. <\/p>\t\t\t\t\t\t\t\t<\/div>\n\t\t\t\t<\/div>\n\t\t\t\t\t<\/div>\n\t\t\t\t<\/div>\n\t\t<div class=\"elementor-element elementor-element-1bb7c7c e-con-full cp-both e-flex e-con e-parent\" data-id=\"1bb7c7c\" data-element_type=\"container\">\n\t\t<div class=\"elementor-element elementor-element-75b3fcb e-flex e-con-boxed e-con e-child\" data-id=\"75b3fcb\" data-element_type=\"container\">\n\t\t\t\t\t<div class=\"e-con-inner\">\n\t\t<div class=\"elementor-element elementor-element-89d69d9 e-con-full e-flex e-con e-child\" data-id=\"89d69d9\" data-element_type=\"container\">\n\t\t\t\t<div class=\"elementor-element elementor-element-9a086cc elementor-widget elementor-widget-heading\" data-id=\"9a086cc\" data-element_type=\"widget\" data-widget_type=\"heading.default\">\n\t\t\t\t\t<h2 class=\"elementor-heading-title elementor-size-default\">Nuestro enfoque en el gel<\/h2>\t\t\t\t<\/div>\n\t\t\t\t<\/div>\n\t\t<div class=\"elementor-element elementor-element-8383af2 e-con-full e-flex e-con e-child\" data-id=\"8383af2\" data-element_type=\"container\">\n\t\t\t\t<div class=\"elementor-element elementor-element-65325cf elementor-widget elementor-widget-text-editor\" data-id=\"65325cf\" data-element_type=\"widget\" data-widget_type=\"text-editor.default\">\n\t\t\t\t\t\t\t\t\t<p>Para aumentar la absorci\u00f3n de los impactos sin sobrecargar el pedaleo, hemos seleccionado geles de alta densidad y gran memoria el\u00e1stica, integrados en badanas que mantienen la forma con el tiempo, se adaptan al cuerpo y resisten incluso a los esfuerzos m\u00e1s intensos.<\/p>\t\t\t\t\t\t\t\t<\/div>\n\t\t\t\t<\/div>\n\t\t\t\t\t<\/div>\n\t\t\t\t<\/div>\n\t\t\t\t<\/div>\n\t\t<div class=\"elementor-element elementor-element-07588fb e-con-full cp-both e-flex e-con e-parent\" data-id=\"07588fb\" data-element_type=\"container\">\n\t\t<div class=\"elementor-element elementor-element-9988e3f e-flex e-con-boxed e-con e-child\" data-id=\"9988e3f\" data-element_type=\"container\">\n\t\t\t\t\t<div class=\"e-con-inner\">\n\t\t<div class=\"elementor-element elementor-element-dcb7be7 e-con-full e-flex e-con e-child\" data-id=\"dcb7be7\" data-element_type=\"container\">\n\t\t\t\t<div class=\"elementor-element elementor-element-ab0974b elementor-widget elementor-widget-heading\" data-id=\"ab0974b\" data-element_type=\"widget\" data-widget_type=\"heading.default\">\n\t\t\t\t\t<h3 class=\"elementor-heading-title elementor-size-default\">A continuaci\u00f3n se muestran algunos ejemplos de Badanas de gel:<\/h3>\t\t\t\t<\/div>\n\t\t\t\t<\/div>\n\t\t\t\t\t<\/div>\n\t\t\t\t<\/div>\n\t\t\t\t<\/div>\n\t\t<div class=\"elementor-element elementor-element-77e563a e-con-full e-flex e-con e-parent\" data-id=\"77e563a\" data-element_type=\"container\">\n\t\t<div class=\"elementor-element elementor-element-e6a6d35 e-flex e-con-boxed e-con e-child\" data-id=\"e6a6d35\" data-element_type=\"container\">\n\t\t\t\t\t<div class=\"e-con-inner\">\n\t\t\t\t<div class=\"elementor-element elementor-element-bc629de elementor-grid-2 elementor-grid-tablet-2 elementor-grid-mobile-1 elementor-widget elementor-widget-loop-grid\" data-id=\"bc629de\" data-element_type=\"widget\" data-settings=\"{&quot;template_id&quot;:4833,&quot;row_gap&quot;:{&quot;unit&quot;:&quot;px&quot;,&quot;size&quot;:80,&quot;sizes&quot;:[]},&quot;columns&quot;:2,&quot;_skin&quot;:&quot;post&quot;,&quot;columns_tablet&quot;:&quot;2&quot;,&quot;columns_mobile&quot;:&quot;1&quot;,&quot;edit_handle_selector&quot;:&quot;[data-elementor-type=\\&quot;loop-item\\&quot;]&quot;,&quot;row_gap_laptop&quot;:{&quot;unit&quot;:&quot;px&quot;,&quot;size&quot;:&quot;&quot;,&quot;sizes&quot;:[]},&quot;row_gap_tablet&quot;:{&quot;unit&quot;:&quot;px&quot;,&quot;size&quot;:&quot;&quot;,&quot;sizes&quot;:[]},&quot;row_gap_mobile_extra&quot;:{&quot;unit&quot;:&quot;px&quot;,&quot;size&quot;:&quot;&quot;,&quot;sizes&quot;:[]},&quot;row_gap_mobile&quot;:{&quot;unit&quot;:&quot;px&quot;,&quot;size&quot;:&quot;&quot;,&quot;sizes&quot;:[]}}\" data-widget_type=\"loop-grid.post\">\n\t\t\t\t\t\t\t<div class=\"elementor-loop-container elementor-grid\" role=\"list\">\n\t\t<style id=\"loop-4833\">.elementor-4833 .elementor-element.elementor-element-130e11a{--display:flex;}.elementor-4833 .elementor-element.elementor-element-fa0bf7e{margin:0px 0px calc(var(--kit-widget-spacing, 0px) + 20px) 0px;text-align:start;}.elementor-4833 .elementor-element.elementor-element-6097005 .elementor-heading-title{font-size:22px;font-weight:700;text-transform:uppercase;font-style:italic;}.elementor-4833 .elementor-element.elementor-element-6df8985{margin:20px 0px calc(var(--kit-widget-spacing, 0px) + 0px) 0px;}@media(max-width:767px){.elementor-4833 .elementor-element.elementor-element-fa0bf7e img{width:100%;max-width:450px;}}<\/style>\t\t<div data-elementor-type=\"loop-item\" data-elementor-id=\"4833\" class=\"elementor elementor-4833 elementor-2865 e-loop-item e-loop-item-4985 post-4985 page type-page status-publish has-post-thumbnail hentry page_cat-prodotti page_cat-mtb page_cat-uomo page_cat-gel\" data-elementor-post-type=\"elementor_library\" data-custom-edit-handle=\"1\">\n\t\t\t<div class=\"elementor-element elementor-element-130e11a e-con-full e-flex e-con e-child\" data-id=\"130e11a\" data-element_type=\"container\">\n\t\t\t\t<div class=\"elementor-element elementor-element-fa0bf7e elementor-widget elementor-widget-image\" data-id=\"fa0bf7e\" data-element_type=\"widget\" data-widget_type=\"image.default\">\n\t\t\t\t\t\t\t\t\t\t\t\t\t\t\t\t<a href=\"https:\/\/dolomiti-pads.com\/es\/badanas\/mtb\/michelangelo\/\">\n\t\t\t\t\t\t\t<img decoding=\"async\" width=\"800\" height=\"640\" src=\"https:\/\/dolomiti-pads.com\/wp-content\/uploads\/2026\/01\/MICHELANGELO-UOMO-ONDA-1024x819.webp\" class=\"attachment-large size-large wp-image-5425\" alt=\"\" srcset=\"https:\/\/dolomiti-pads.com\/wp-content\/uploads\/2026\/01\/MICHELANGELO-UOMO-ONDA-1024x819.webp 1024w, https:\/\/dolomiti-pads.com\/wp-content\/uploads\/2026\/01\/MICHELANGELO-UOMO-ONDA-300x240.webp 300w, https:\/\/dolomiti-pads.com\/wp-content\/uploads\/2026\/01\/MICHELANGELO-UOMO-ONDA-768x614.webp 768w, https:\/\/dolomiti-pads.com\/wp-content\/uploads\/2026\/01\/MICHELANGELO-UOMO-ONDA-1536x1229.webp 1536w, https:\/\/dolomiti-pads.com\/wp-content\/uploads\/2026\/01\/MICHELANGELO-UOMO-ONDA.webp 1600w\" sizes=\"(max-width: 800px) 100vw, 800px\" \/>\t\t\t\t\t\t\t\t<\/a>\n\t\t\t\t\t\t\t\t\t\t\t\t\t\t\t<\/div>\n\t\t\t\t<div class=\"elementor-element elementor-element-b260ecb elementor-widget elementor-widget-heading\" data-id=\"b260ecb\" data-element_type=\"widget\" data-widget_type=\"heading.default\">\n\t\t\t\t\t<h3 class=\"elementor-heading-title elementor-size-default\"><a href=\"https:\/\/dolomiti-pads.com\/es\/badanas\/mtb\/michelangelo\/\">Michelangelo<\/a><\/h3>\t\t\t\t<\/div>\n\t\t\t\t<div class=\"elementor-element elementor-element-6097005 elementor-widget elementor-widget-heading\" data-id=\"6097005\" data-element_type=\"widget\" data-widget_type=\"heading.default\">\n\t\t\t\t\t<p class=\"elementor-heading-title elementor-size-default\">MTB \/ GEL \/ Hombre<\/p>\t\t\t\t<\/div>\n\t\t\t\t<div class=\"elementor-element elementor-element-213cc5e elementor-widget elementor-widget-text-editor\" data-id=\"213cc5e\" data-element_type=\"widget\" data-widget_type=\"text-editor.default\">\n\t\t\t\t\t\t\t\t\tCon Michelangelo, cada sendero se vuelve m\u00e1s ligero.\t\t\t\t\t\t\t\t<\/div>\n\t\t\t\t<div class=\"elementor-element elementor-element-6df8985 elementor-widget elementor-widget-button\" data-id=\"6df8985\" data-element_type=\"widget\" data-widget_type=\"button.default\">\n\t\t\t\t\t\t\t\t\t\t<a class=\"elementor-button elementor-button-link elementor-size-sm\" href=\"https:\/\/dolomiti-pads.com\/es\/badanas\/mtb\/michelangelo\/\">\n\t\t\t\t\t\t<span class=\"elementor-button-content-wrapper\">\n\t\t\t\t\t\t\t\t\t<span class=\"elementor-button-text\">Descubre m\u00e1s<\/span>\n\t\t\t\t\t<\/span>\n\t\t\t\t\t<\/a>\n\t\t\t\t\t\t\t\t<\/div>\n\t\t\t\t<\/div>\n\t\t\t\t<\/div>\n\t\t\t\t<div data-elementor-type=\"loop-item\" data-elementor-id=\"4833\" class=\"elementor elementor-4833 elementor-2865 e-loop-item e-loop-item-4442 post-4442 page type-page status-publish has-post-thumbnail hentry page_cat-prodotti page_cat-mtb page_cat-donna page_cat-gel\" data-elementor-post-type=\"elementor_library\" data-custom-edit-handle=\"1\">\n\t\t\t<div class=\"elementor-element elementor-element-130e11a e-con-full e-flex e-con e-child\" data-id=\"130e11a\" data-element_type=\"container\">\n\t\t\t\t<div class=\"elementor-element elementor-element-fa0bf7e elementor-widget elementor-widget-image\" data-id=\"fa0bf7e\" data-element_type=\"widget\" data-widget_type=\"image.default\">\n\t\t\t\t\t\t\t\t\t\t\t\t\t\t\t\t<a href=\"https:\/\/dolomiti-pads.com\/es\/badanas\/mtb\/asolo\/\">\n\t\t\t\t\t\t\t<img decoding=\"async\" width=\"800\" height=\"640\" src=\"https:\/\/dolomiti-pads.com\/wp-content\/uploads\/2026\/01\/ASOLO-DONNA-ONDA-FRONT-1024x819.webp\" class=\"attachment-large size-large wp-image-5441\" alt=\"\" srcset=\"https:\/\/dolomiti-pads.com\/wp-content\/uploads\/2026\/01\/ASOLO-DONNA-ONDA-FRONT-1024x819.webp 1024w, https:\/\/dolomiti-pads.com\/wp-content\/uploads\/2026\/01\/ASOLO-DONNA-ONDA-FRONT-300x240.webp 300w, https:\/\/dolomiti-pads.com\/wp-content\/uploads\/2026\/01\/ASOLO-DONNA-ONDA-FRONT-768x614.webp 768w, https:\/\/dolomiti-pads.com\/wp-content\/uploads\/2026\/01\/ASOLO-DONNA-ONDA-FRONT-1536x1229.webp 1536w, https:\/\/dolomiti-pads.com\/wp-content\/uploads\/2026\/01\/ASOLO-DONNA-ONDA-FRONT.webp 1600w\" sizes=\"(max-width: 800px) 100vw, 800px\" \/>\t\t\t\t\t\t\t\t<\/a>\n\t\t\t\t\t\t\t\t\t\t\t\t\t\t\t<\/div>\n\t\t\t\t<div class=\"elementor-element elementor-element-b260ecb elementor-widget elementor-widget-heading\" data-id=\"b260ecb\" data-element_type=\"widget\" data-widget_type=\"heading.default\">\n\t\t\t\t\t<h3 class=\"elementor-heading-title elementor-size-default\"><a href=\"https:\/\/dolomiti-pads.com\/es\/badanas\/mtb\/asolo\/\">Asolo<\/a><\/h3>\t\t\t\t<\/div>\n\t\t\t\t<div class=\"elementor-element elementor-element-6097005 elementor-widget elementor-widget-heading\" data-id=\"6097005\" data-element_type=\"widget\" data-widget_type=\"heading.default\">\n\t\t\t\t\t<p class=\"elementor-heading-title elementor-size-default\">MTB \/ Gel \/ Mujer<\/p>\t\t\t\t<\/div>\n\t\t\t\t<div class=\"elementor-element elementor-element-213cc5e elementor-widget elementor-widget-text-editor\" data-id=\"213cc5e\" data-element_type=\"widget\" data-widget_type=\"text-editor.default\">\n\t\t\t\t\t\t\t\t\tAsolo: la seguridad en cada sendero.\t\t\t\t\t\t\t\t<\/div>\n\t\t\t\t<div class=\"elementor-element elementor-element-6df8985 elementor-widget elementor-widget-button\" data-id=\"6df8985\" data-element_type=\"widget\" data-widget_type=\"button.default\">\n\t\t\t\t\t\t\t\t\t\t<a class=\"elementor-button elementor-button-link elementor-size-sm\" href=\"https:\/\/dolomiti-pads.com\/es\/badanas\/mtb\/asolo\/\">\n\t\t\t\t\t\t<span class=\"elementor-button-content-wrapper\">\n\t\t\t\t\t\t\t\t\t<span class=\"elementor-button-text\">Descubre m\u00e1s<\/span>\n\t\t\t\t\t<\/span>\n\t\t\t\t\t<\/a>\n\t\t\t\t\t\t\t\t<\/div>\n\t\t\t\t<\/div>\n\t\t\t\t<\/div>\n\t\t\t\t<\/div>\n\t\t\n\t\t\t\t\t\t<\/div>\n\t\t\t\t\t<\/div>\n\t\t\t\t<\/div>\n\t\t\t\t<\/div>\n\t\t<div data-dce-background-image-url=\"https:\/\/dolomiti-pads.com\/wp-content\/uploads\/2025\/10\/Group-47-copia.webp\" class=\"elementor-element elementor-element-c54c7a8 cp-both e-flex e-con-boxed e-con e-parent\" data-id=\"c54c7a8\" data-element_type=\"container\" data-settings=\"{&quot;background_background&quot;:&quot;classic&quot;}\">\n\t\t\t\t\t<div class=\"e-con-inner\">\n\t\t\t\t<div class=\"elementor-element elementor-element-868faa7 elementor-invisible elementor-widget elementor-widget-heading\" data-id=\"868faa7\" data-element_type=\"widget\" data-settings=\"{&quot;_animation&quot;:&quot;fadeIn&quot;}\" data-widget_type=\"heading.default\">\n\t\t\t\t\t<div class=\"elementor-heading-title elementor-size-default\">Porque cada detalle cuenta. Sobre todo en los momentos en los que el cuerpo se pone a prueba. <\/div>\t\t\t\t<\/div>\n\t\t\t\t\t<\/div>\n\t\t\t\t<\/div>\n\t\t\t\t<\/div>\n\t\t","protected":false},"excerpt":{"rendered":"<p>Badanas para ciclismo en gel Nuestras badanas en gel son ideales para larga distancia, MTB y actividades de alta exigencia. Gracias al gel, nuestras badanas se pueden personalizar aplicando el inserto de gel en los puntos m\u00e1s delicados seg\u00fan las necesidades espec\u00edficas del ciclista, garantizando la m\u00e1xima absorci\u00f3n de los impactos. Nuestro enfoque en el [&hellip;]<\/p>\n","protected":false},"author":25,"featured_media":0,"parent":4824,"menu_order":0,"comment_status":"closed","ping_status":"closed","template":"","meta":{"_acf_changed":false,"footnotes":""},"class_list":["post-4546","page","type-page","status-publish","hentry"],"acf":[],"_links":{"self":[{"href":"https:\/\/dolomiti-pads.com\/es\/wp-json\/wp\/v2\/pages\/4546","targetHints":{"allow":["GET"]}}],"collection":[{"href":"https:\/\/dolomiti-pads.com\/es\/wp-json\/wp\/v2\/pages"}],"about":[{"href":"https:\/\/dolomiti-pads.com\/es\/wp-json\/wp\/v2\/types\/page"}],"author":[{"embeddable":true,"href":"https:\/\/dolomiti-pads.com\/es\/wp-json\/wp\/v2\/users\/25"}],"replies":[{"embeddable":true,"href":"https:\/\/dolomiti-pads.com\/es\/wp-json\/wp\/v2\/comments?post=4546"}],"version-history":[{"count":8,"href":"https:\/\/dolomiti-pads.com\/es\/wp-json\/wp\/v2\/pages\/4546\/revisions"}],"predecessor-version":[{"id":9460,"href":"https:\/\/dolomiti-pads.com\/es\/wp-json\/wp\/v2\/pages\/4546\/revisions\/9460"}],"up":[{"embeddable":true,"href":"https:\/\/dolomiti-pads.com\/es\/wp-json\/wp\/v2\/pages\/4824"}],"wp:attachment":[{"href":"https:\/\/dolomiti-pads.com\/es\/wp-json\/wp\/v2\/media?parent=4546"}],"curies":[{"name":"wp","href":"https:\/\/api.w.org\/{rel}","templated":true}]}}